{"id":148,"date":"2010-08-19T14:33:18","date_gmt":"2010-08-19T12:33:18","guid":{"rendered":"http:\/\/bailador.org\/blog\/"},"modified":"2010-08-19T14:33:18","modified_gmt":"2010-08-19T12:33:18","slug":"lettera-all%e2%80%99on-le-francesca-martini-sottosegretario-alla-sanita","status":"publish","type":"page","link":"http:\/\/bailador.org\/blog\/politica-e-non-umano\/lettera-all%e2%80%99on-le-francesca-martini-sottosegretario-alla-sanita\/","title":{"rendered":"Lettera all\u2019On.le Francesca Martini Sottosegretario alla Sanit\u00e0"},"content":{"rendered":"<p>11\/11\/2009<br \/>\n<strong>Lettera all\u2019On.le Francesca Martini Sottosegretario alla Sanit\u00e0<\/strong><br \/>\n\u2014\u2014\u2014\u2014\u2014\u2014\u2014\u2014\u2014\u2014\u2014\u2014\u2014\u2014\u2014\u2014\u2014\u2014\u2014\u2014\u2014\u2014\u2014\u2014\u2014<br \/>\n<strong>Esiste una tratta di randagi verso la Germania e l\u2019Europa del nord?<\/strong><\/p>\n<p><strong> <\/strong><\/p>\n<p><strong>La seconda fase della campagna contro i canili \u2013 lager: boicottaggio turistico e dei prodotti?<\/p>\n<p>Cicerale: Cafasso non si tocca malgrado i proclami.<\/p>\n<p>La storia del bradipo sepolto vivo in una bara di vetro.<\/p>\n<p><\/strong><\/p>\n<p><strong>la norma infame: \u201cdai \u2013 i \u2013 fucili \u2013 ai \u2013 baby \u2013 e \u2013 ammazza \u2013 tutto \u2013 quello \u2013 che \u2013 si \u2013 muove \u2013 24- ore \u2013 su \u2013 24 \u2013 ovunque\u201d<\/strong><br \/>\n\u2014\u2014\u2014\u2014\u2014\u2014\u2014\u2014\u2014\u2014\u2014\u2014\u2014\u2014\u2014\u2014\u2014\u2014\u2014\u2014\u2014\u2014\u2014\u2014\u2014<\/p>\n<p><strong>ALL\u2019ONOREVOLE FRANCESCA MARTINI<br \/>\nSOTTOSEGRETARIO ALLA SANITA\u2019<\/strong><\/p>\n<p>Gentile Signora,<\/p>\n<p>ho seguito con grande attenzione i Suoi interventi e gli articoli di Stefania Piazzo e Angela Luongo.\u00a0Politicamente giungo da un altro emisfero, diciamo un\u2019altra parrocchia; sono un comunista della diaspora di quelli che quando vedono il ghigno di D\u2019Alema si sentono venir meno e quando sognano Papi si svegliano coperti da un sudore gelido, come se avessero sognato uno spettro. Detto questo, signora, il Buddha diceva: se la freccia centra il bersaglio poco importa se \u00e8 rossa o nera, quindi, ammetto che quello che avete fatto per gli animali \u00e8 notevole e questo va assolutamente riconosciuto. E va riconosciuto anche che la Sinistra \u00e8 drammaticamente carente. A livello quasi offensivo. Anzi il mondo politico \u00e8 drammaticamente carente. Se dovessi sintetizzare il rapporto del mondo politico verso la sofferenza del non umano direi che la Sinistra fa schifo, il Centro \u00e8 peggio e la Destra, malgrado alcune luminose eccezioni, fa vomitare. E se ha dei dubbi su quello che affermo dia un\u2019occhiata a questo dossier e capir\u00e0 perch\u00e9 lo dico.<br \/>\n<a href=\"http:\/\/www.lasaggezzadichirone.org\/site\/wp-content\/uploads\/2009\/06\/lasaggezzadichirone-dossiercaccia.pdf\"><\/a><\/p>\n<p><a href=\"http:\/\/www.lasaggezzadichirone.org\/site\/wp-content\/uploads\/2009\/06\/lasaggezzadichirone-dossiercaccia.pdf\"><\/a><\/p>\n<p><a href=\"http:\/\/bailador.org\/blog\/wp-content\/uploads\/2010\/08\/bailador-dossiercaccia.pdf\" target=\"_blank\"><strong>http:\/\/bailador.org\/blog\/wp-content\/uploads\/2010\/08\/bailador-dossiercaccia.pdf<\/strong><\/a><\/p>\n<p>Certo in un paese civile le atrocit\u00e0 commesse verso il non umano creerebbero ribrezzo e ripulsione, ma noi siamo una nazione barbara malgrado le fesserie che molti politici vanno dicendo in giro. Siamo un paese pestilenziale verso il non umano, non possiamo negarlo. Basta leggere gli articoli della Piazzo e della Luongo per rendersene conto. Mi \u201cconsenta\u201d \u2013 senza la minima provocazione \u2013 un\u2019osservazione: sostenere questa battaglia civilissima ne \u201cLa Padania\u201d e avallare, allo stesso tempo, la norma infame \u201cdai \u2013 i \u2013 fucili \u2013 ai \u2013 baby \u2013 e \u2013 ammazza \u2013 tutto \u2013 quello \u2013 che \u2013 si \u2013 muove \u2013 24- ore \u2013 su \u2013 24 \u2013 ovunque\u201d mi sembra una cosa da pura schizofrenia. Anche se sono convinto che Lei e la Piazzo con questa norma infame non abbiate nulla a che fare, sono altres\u00ec convinto che non sia cos\u00ec per le balde cacciatrici: Consiglio, Goisis, Negro e Rivolta \u2026 o mi sbaglio?<\/p>\n<p><strong>Ho quattro cose che vorrei evidenziare:<\/strong><\/p>\n<p>La prima \u00e8 una cosa che fa indignare anche le anime belle \u201canimaliste\u201d che non hanno pazienza e non capiscono il significato di questa battaglia. Per alcuni esistono solo i cani e i gatti. Ma il mondo animale ha anche altre specie. E delle volte un animaletto sepolto vivo pu\u00f2 divenire il simbolo di una lotta. E io sono fiero di aver fatto il possibile per evidenziarlo. E cos\u00ec hanno fatto le Sue amiche Rosanna e Corinna. La storia \u00e8 quella di un bradipo, che Lei \u2013 mi risulta \u2013 gi\u00e0 conosce, ed \u00e8 una storia grottesca. Direi offensiva. Contro il proprietario siculo \u2013 milanese (il suo avvocato ne ha precisato l\u2019origine) che tiene questo animale \u2013 che vive nelle foreste del Centro America \u2013 in una tomba a forma di scatola si \u00e8 levata la furia della rete; un bordello di mail, di urla, di anatemi e di insulti, alcuni di pesantezza estrema, ma il bradipo \u00e8 sempre nel suo osceno sepolcro. Nessuno lo rimuove. Dove vivo lo avrebbero rimosso in tre ore e il proprietario avrebbe avuto la sua licenza annullata. E forse gli si sarebbe scatenato contro qualcosa di assolutamente non piacevole. Anzi di malvagio.<\/p>\n<p>L\u2019altro giorno ho letto che la Regione Toscana si appresta ad approvare (o ha gi\u00e0 approvato) una legge che tutela gli animali. L\u2019hanno proposta i consiglieri verdi Lupi e Roggiolani. A questo proposito ho letto un\u2019affermazione dello stesso Roggiolani che diceva (Repubblica 5.10.2009) di aver visto \u201cun pesciolino in una vetrina che cercava disperatamente di nuotare dentro un flut\u2026.uno spettacolo indecoroso in un paese civile\u201d. Sembra che la Toscana sia situata in un lontano agglomerato galattico e non nello stesso pianeta dove \u00e8 situata la Sicilia, dal momento che a Misterbianco, in Provincia di Catania, dopo il putiferio scatenato, il bradipo \u00e8 ancora l\u00ec.<br \/>\nAbbiamo segnalato la cosa a CITES, ENPA, CFS, NIRDAS, NAS, WWF, ANPANA, POLIZIA: niente! Un bradipo in una scatola di cartone \u00e8 una cosa illegale, ma non si pu\u00f2 far niente. Non \u00e8 ammissibile che si possano tenere in condizioni del tutto inadeguate e in stato di perenne sofferenza animali (alcuni dei quali anche esotici e protetti dalla Convenzione di Washington \u2013 CITES) per tentare di venderli al pubblico. All\u2019interno del negozio si possono trovare cani e cuccioli di cane stipati in scatole anguste e senza acqua, pappagalli, serpenti, conigli, ma anche una genetta, una civetta delle palme (ora svanita) che sussistono in scatole trasparenti dalle dimensioni microscopiche che non permettono movimenti. Ma il bradipo non \u00e8 una specie protetta dalla Convenzione di Washington?<br \/>\nE come tale non \u00e8 una specie che non si pu\u00f2 importare in Italia e la cui detenzione e vendita \u00e8 vietata? Come mai qualcuno la pu\u00f2 sfruttare impunemente in questo modo? Ma cosa occorre, Signora, per liberare un bradipo, l\u2019intervento dell\u2019esercito? I paracadutisti della Folgore? Cosa occorre? E sa una cosa? Il proprietario minaccia, attraverso il suo leguleio, denunce. Osa anche minacciare; \u00e8 mai possibile? Vorrei sapere da dove vengono questi animali che ha nel negozio. Importazioni legali?<br \/>\nO Zoomafia? Da dove vengono? La ASL dice che tutto \u00e8 in ordine? E stiamo a sentire le ASL dopo quello che la Piazzo ha scritto su Cafasso? Cito Tot\u00f2, Signora? Ma ci facciano il santo piacere!<br \/>\nSignora, che ha fatto questo proprietario siculo \u2013 milanese per respingere le continue ispezioni? Chi lo protegge? Chi \u00e8 ? Perch\u00e9 ogni tentativo \u00e8 bloccato? Chi \u00e8 quest\u2019uomo?<\/p>\n<p><strong>Mi dicono che L\u2019Italia ha le leggi pi\u00f9 avanzate d\u2019Europa in materia di tutela degli animali\u201d.<br \/>\nE leggo: \u201cCODICE PENALE \u2013 ART. 727. Chiunque abbandona animali domestici o che abbiano acquisito abitudini alla cattivit\u00e0 \u00e8 punito con l\u2019arresto fino ad 1 anno e con l\u2019ammenda da 1,000 a 10,000 euro. Alla stessa pena soggiace chiunque detiene animali in condizioni incompatibili con la loro natura, e produttive di gravi sofferenze.\u201d<\/strong><\/p>\n<p>Ho letto male?<\/p>\n<p>Mi corregga se sbaglio: in questo momento storico voi siete al potere con una maggioranza schiacciante. Siete alleati con i potentati siciliani che tempo fa vi elargirono uno sbalorditivo 65-0 contro il Centro Sinistra. Siete alleati con Miccicch\u00e8, Lombardo, la Prestigiacomo, Schifani, Alfano et similia e presto, forse anche con Tot\u00f2 Cuffaro; Le pongo una domanda: con i poteri e i contatti che avete non potete far muovere qualche ras locale affinch\u00e9 intervenga e metta fine a quest\u2019orrore? E\u2019 veramente una cosa impossibile? Non siete alleati con il PDL siciliano?<\/p>\n<p>La seconda cosa che vorrei evidenziare \u00e8 questa: sono convinto \u2013 per quello che ripetutamente leggo nelle denuncie fatte da volontari \u2013 che esiste un traffico di randagi catturati dai canili lager \u2013 e non lager \u2013 verso l\u2019Europa del Nord. Lei sa meglio di me come funzionano le cose: cani abbandonati nel Belpaese \u2013 da incivili bastardi \u2013 vengono accalappiati, tenuti in osceni canili, massacrati di botte e di stenti e poi venduti ai laboratori di vivisezione. Troppi attivisti denunciano la cosa da tempo ma senza andare a fondo. E sa perch\u00e9 non denunciano, Signora? Perch\u00e9 vengono minacciati. E se la gente viene minacciata il \u201cdictum\u201d andreottiano che \u201ca pensar male spesso ci si azzecca\u201d potrebbe \u2013 in questo caso \u2013 essere valido. In effetti il problema potrebbe essere risolto individuando il punto di partenza e collegandosi con le autorit\u00e0 del Nord Europa. Ma anche questo \u00e8 troppo difficile e oneroso per lo Stato: dopotutto sono solo cani. Da troppo tempo si parla con insistenza di una tratta di randagi verso la Germania. Il traffico, si dice, si dirama dai canili italiani verso Stoccarda, Colonia, D?sseldorf, Francoforte e Norimberga. E non riguarda solo il Sud ma, da quello che sappiamo, anche la Toscana e altre Regioni. Esistono strani movimenti. Signore tedesche organizzano trasferimenti evitando risposte chiare. Sembra che partano 300 cani alla volta per le adozioni con costi aerei notevoli. Si parla di un business di decine di migliaia di euro. Intorno a queste operazioni si muovono personaggi umbratili che sfuggono e non rispondono alle domande che gli attivisti pongono. Ci sono cose che non corrispondono. Un furgone Ducati che fa la spola tra la Germania e l\u2019Italia. Nomi e siti strani. Referenti non chiari. Cani prenotati e sterilizzati da una societ\u00e0 con appoggi italiani che si occupa di tutto. Silenzi. Minacce di denuncie. Lunghi viaggi. Comportamenti ambigui. Si parla di adozioni facili in quel di Caserta. C\u2019\u00e8 un inquietante dottoressa che somministra facili adozioni. Foto innocenti di bimbi, cani e allegri nonnetti che danno l\u2019impressione che dietro la bucolica facciata si aggiri ben altro. Ci sono nomi che non possiamo divulgare. Volontari che disperati affidano cani che non sanno dove finiscono. Troppe Madre Terese \u201canimaliste\u201d che dicono e non dicono. Mi domando: se i canili tedeschi sono pieni perch\u00e9 venire in Italia a prendere i cani? Una giornalista ha denunciato queste cose ma \u00e8 stata prontamente zittita. Non ci sono prove. Come dicevano i romani \u201cladroni\u201d (io sono uno di loro): \u201caffirmanti incumbit probatio\u201d che nella lingua del vate Dante suona cos\u00ec:<br \/>\n\u201cSenza prove non c\u2019\u00e8 trippa per il gatto\u201d. Ma le prove possono essere trovate se l\u2019autorit\u00e0 si muove. E questa non \u00e8 roba per \u201ccanare\u201d o \u201cgattare\u201d o rivoluzionari vegani, questa \u00e8 roba che scotta e presenta pericoli. Va bene, Signora, lei dir\u00e0: \u00e8 delinquenza minore, Toto \u201cu Curtu\u201d non c\u2019azzecca un piffero, ma i rischi sono comunque notevoli. E questo bubbone deve esplodere. E logicamente c\u2019\u00e8 il rischio di accusare innocenti come \u00e8 gi\u00e0 avvenuto. Ma indagare non nuoce. Non crede?<\/p>\n<p><strong>In ducati sonanti: questa storia delle adozioni \u00e8 un panzana che va smontata o sono trasporti caritatevoli e noi ci sbagliamo e accusiamo innocenti?<\/strong><\/p>\n<p>La terza cosa riguarda Cicerale. Mi chiedo che senso ha avuto mettere sotto sequestro Cicerale se poi non vengono fatti controlli, e i cani da Cicerale sono trasferiti dal lager di Cafasso a quello delle Ginestre e a quello mostruoso di Cir\u00f2 Marina in Calabria? Lo sa che sono partiti ammassati sui camion e molti sono morti nei viaggi? E tutto questo con il beneplacito della ASL 3. Come pu\u00f2 in un sequestro essere nominato custode giudiziale lo stesso gestore inquisito e la stessa ASL coinvolta nelle coperture degli orrori? Cafasso a Cicerale fa quel che fa perch\u00e9 l\u2019ASL di Salerno 3 glielo permette ed \u00e8 protetto dal potere politico. E se mi permette, Signora, la ASL risponde al Ministero della Salute, quindi, risponde a Lei personalmente. Cicerale poteva e doveva essere chiuso solo per le inadempienze burocratiche, bastavano quelle per sbarrare le porte. In quel luogo osceno nessun cane ha mai ricevuto cure. Come fa la ASL a permettere questo? E perch\u00e9 nonostante le numerose denunce e segnalazioni questi personaggi non vengono licenziati? Ed \u00e8, Signora, a conoscenza del fatto che \u00e8 proprio dal comune del dottor Nese, direttore della ASL 3, provengono la maggioranza dei cani da Cicerale?<br \/>\nE perch\u00e9 i cani di Cicerale sono finiti ne Le Ginestre ad Avellino, un posto orrendo dove non c\u2019\u00e8 acqua? Perch\u00e9 Le Ginestre \u00e8 ancora aperto? Perch\u00e9 non arrivano gli ispettori? Quanti cani devono ancora morire?<\/p>\n<p>Signora, non l\u2019ha scritta lei l\u2019ordinanza 163 (16.07.2009) che spiega che gli \u201canimali d\u2019affezione\u201d<br \/>\nsono \u201cesseri senzienti\u201d e non cose? Non sono gli \u201canimali d\u2019affezione\u201d dei canili lager \u201cesseri senzienti\u201d?<\/p>\n<p>La quarta cosa riguarda i canili lager. Abbiamo scatenato una campagna internazionale che ha avuto un esito positivo. Siamo per ora soddisfatti. Ma quella \u00e8 stata la prima fase. Ora affiliamo le armi e passiamo alla seconda fase che potrebbe essere sintetizzata in quanto segue:<\/p>\n<p><strong>Se intendete venite in Italia in vacanza leggete quanto denunciamo, osservate queste foto e rinunciate. Volete fare delle vacanze nei mari del Sud? Ripensateci se rispettate gli esseri viventi. Noi siamo un paese che fa un gran male agli animali. Rinunciate a venire da noi, scegliete altre destinazioni.<\/strong><\/p>\n<p><a href=\"http:\/\/www.ahimsa.it\/canili%20gomorrah%20foto.html\">http:\/\/www.ahimsa.it\/canili gomorrah foto.html<\/a><\/p>\n<p><strong>E se va bene questa campagna si pu\u00f2 passare ai prodotti tipici delle zone coinvolte negli orrori.<\/strong><\/p>\n<p>Le faccio un esempio?<\/p>\n<p>Uno Stato civile dovrebbe boicottare i prodotti di nazioni che permettono i massacri dei piccoli delle foche, dei delfini, delle balene, degli elefanti ecc\u2026ecc\u2026Io da anni avrei boicottato Canad\u00e0, Giappone e Norvegia per l\u2019oscenit\u00e0 che permettono. Ma i canili lager non sono meno orrendi degli altri massacri. E meritano una speciale attenzione. E ci stiamo pensando. E prima di farlo informeremo la Brambilla, grande animalista, quella del canile di Lecco.<\/p>\n<p>Distinti saluti.<br \/>\n<em>Paolo Ricci<\/em><\/p>\n<p>www.lasaggezzadichirone.org<br \/>\nwww.nothuman.org<br \/>\nwww.ahimsa.it<\/p>\n","protected":false},"excerpt":{"rendered":"<p>11\/11\/2009 Lettera all\u2019On.le Francesca Martini Sottosegretario alla Sanit\u00e0 \u2014\u2014\u2014\u2014\u2014\u2014\u2014\u2014\u2014\u2014\u2014\u2014\u2014\u2014\u2014\u2014\u2014\u2014\u2014\u2014\u2014\u2014\u2014\u2014\u2014 Esiste una tratta di randagi verso la Germania e l\u2019Europa del nord? La seconda fase della campagna contro i canili \u2013 lager: boicottaggio turistico e dei prodotti? Cicerale: Cafasso non si tocca malgrado i proclami. La storia del bradipo sepolto vivo in una bara di vetro. &hellip; <a href=\"http:\/\/bailador.org\/blog\/politica-e-non-umano\/lettera-all%e2%80%99on-le-francesca-martini-sottosegretario-alla-sanita\/\" class=\"more-link\">Leggi tutto<span class=\"screen-reader-text\"> &#8220;Lettera all\u2019On.le Francesca Martini Sottosegretario alla Sanit\u00e0&#8221;<\/span><\/a><\/p>\n","protected":false},"author":1,"featured_media":0,"parent":20,"menu_order":0,"comment_status":"open","ping_status":"open","template":"politica.php","meta":{"iawp_total_views":1,"footnotes":""},"class_list":["post-148","page","type-page","status-publish","hentry"],"yoast_head":"<!-- This site is optimized with the Yoast SEO plugin v27.5 - https:\/\/yoast.com\/product\/yoast-seo-wordpress\/ -->\n<title>Lettera all\u2019On.le Francesca Martini Sottosegretario alla Sanit\u00e0 - Bailador<\/title>\n<meta name=\"robots\" content=\"index, follow, max-snippet:-1, max-image-preview:large, max-video-preview:-1\" \/>\n<link rel=\"canonical\" href=\"http:\/\/bailador.org\/blog\/politica-e-non-umano\/lettera-all\u2019on-le-francesca-martini-sottosegretario-alla-sanita\/\" \/>\n<meta property=\"og:locale\" content=\"it_IT\" \/>\n<meta property=\"og:type\" content=\"article\" \/>\n<meta property=\"og:title\" content=\"Lettera all\u2019On.le Francesca Martini Sottosegretario alla Sanit\u00e0 - Bailador\" \/>\n<meta property=\"og:description\" content=\"11\/11\/2009 Lettera all\u2019On.le Francesca Martini Sottosegretario alla Sanit\u00e0 \u2014\u2014\u2014\u2014\u2014\u2014\u2014\u2014\u2014\u2014\u2014\u2014\u2014\u2014\u2014\u2014\u2014\u2014\u2014\u2014\u2014\u2014\u2014\u2014\u2014 Esiste una tratta di randagi verso la Germania e l\u2019Europa del nord? La seconda fase della campagna contro i canili \u2013 lager: boicottaggio turistico e dei prodotti? Cicerale: Cafasso non si tocca malgrado i proclami. La storia del bradipo sepolto vivo in una bara di vetro. &hellip; Leggi tutto &quot;Lettera all\u2019On.le Francesca Martini Sottosegretario alla Sanit\u00e0&quot;\" \/>\n<meta property=\"og:url\" content=\"http:\/\/bailador.org\/blog\/politica-e-non-umano\/lettera-all\u2019on-le-francesca-martini-sottosegretario-alla-sanita\/\" \/>\n<meta property=\"og:site_name\" content=\"Bailador\" \/>\n<meta property=\"article:publisher\" content=\"https:\/\/www.facebook.com\/Bailador.org\" \/>\n<meta name=\"twitter:card\" content=\"summary_large_image\" \/>\n<meta name=\"twitter:label1\" content=\"Tempo di lettura stimato\" \/>\n\t<meta name=\"twitter:data1\" content=\"11 minuti\" \/>\n<script type=\"application\/ld+json\" class=\"yoast-schema-graph\">{\"@context\":\"https:\\\/\\\/schema.org\",\"@graph\":[{\"@type\":\"WebPage\",\"@id\":\"http:\\\/\\\/bailador.org\\\/blog\\\/politica-e-non-umano\\\/lettera-all%e2%80%99on-le-francesca-martini-sottosegretario-alla-sanita\\\/\",\"url\":\"http:\\\/\\\/bailador.org\\\/blog\\\/politica-e-non-umano\\\/lettera-all%e2%80%99on-le-francesca-martini-sottosegretario-alla-sanita\\\/\",\"name\":\"Lettera all\u2019On.le Francesca Martini Sottosegretario alla Sanit\u00e0 - Bailador\",\"isPartOf\":{\"@id\":\"http:\\\/\\\/bailador.org\\\/blog\\\/#website\"},\"datePublished\":\"2010-08-19T12:33:18+00:00\",\"breadcrumb\":{\"@id\":\"http:\\\/\\\/bailador.org\\\/blog\\\/politica-e-non-umano\\\/lettera-all%e2%80%99on-le-francesca-martini-sottosegretario-alla-sanita\\\/#breadcrumb\"},\"inLanguage\":\"it-IT\",\"potentialAction\":[{\"@type\":\"ReadAction\",\"target\":[\"http:\\\/\\\/bailador.org\\\/blog\\\/politica-e-non-umano\\\/lettera-all%e2%80%99on-le-francesca-martini-sottosegretario-alla-sanita\\\/\"]}]},{\"@type\":\"BreadcrumbList\",\"@id\":\"http:\\\/\\\/bailador.org\\\/blog\\\/politica-e-non-umano\\\/lettera-all%e2%80%99on-le-francesca-martini-sottosegretario-alla-sanita\\\/#breadcrumb\",\"itemListElement\":[{\"@type\":\"ListItem\",\"position\":1,\"name\":\"Home\",\"item\":\"http:\\\/\\\/bailador.org\\\/blog\\\/\"},{\"@type\":\"ListItem\",\"position\":2,\"name\":\"Politica e non umano\",\"item\":\"http:\\\/\\\/bailador.org\\\/blog\\\/politica-e-non-umano\\\/\"},{\"@type\":\"ListItem\",\"position\":3,\"name\":\"Lettera all\u2019On.le Francesca Martini Sottosegretario alla Sanit\u00e0\"}]},{\"@type\":\"WebSite\",\"@id\":\"http:\\\/\\\/bailador.org\\\/blog\\\/#website\",\"url\":\"http:\\\/\\\/bailador.org\\\/blog\\\/\",\"name\":\"Bailador\",\"description\":\"Gruppo di lavoro per la difesa del non umano\",\"publisher\":{\"@id\":\"http:\\\/\\\/bailador.org\\\/blog\\\/#organization\"},\"potentialAction\":[{\"@type\":\"SearchAction\",\"target\":{\"@type\":\"EntryPoint\",\"urlTemplate\":\"http:\\\/\\\/bailador.org\\\/blog\\\/?s={search_term_string}\"},\"query-input\":{\"@type\":\"PropertyValueSpecification\",\"valueRequired\":true,\"valueName\":\"search_term_string\"}}],\"inLanguage\":\"it-IT\"},{\"@type\":\"Organization\",\"@id\":\"http:\\\/\\\/bailador.org\\\/blog\\\/#organization\",\"name\":\"Bailador\",\"url\":\"http:\\\/\\\/bailador.org\\\/blog\\\/\",\"logo\":{\"@type\":\"ImageObject\",\"inLanguage\":\"it-IT\",\"@id\":\"http:\\\/\\\/bailador.org\\\/blog\\\/#\\\/schema\\\/logo\\\/image\\\/\",\"url\":\"http:\\\/\\\/bailador.org\\\/blog\\\/wp-content\\\/uploads\\\/2024\\\/02\\\/testa-bailador-1920.jpg\",\"contentUrl\":\"http:\\\/\\\/bailador.org\\\/blog\\\/wp-content\\\/uploads\\\/2024\\\/02\\\/testa-bailador-1920.jpg\",\"width\":1500,\"height\":698,\"caption\":\"Bailador\"},\"image\":{\"@id\":\"http:\\\/\\\/bailador.org\\\/blog\\\/#\\\/schema\\\/logo\\\/image\\\/\"},\"sameAs\":[\"https:\\\/\\\/www.facebook.com\\\/Bailador.org\"]}]}<\/script>\n<!-- \/ Yoast SEO plugin. -->","yoast_head_json":{"title":"Lettera all\u2019On.le Francesca Martini Sottosegretario alla Sanit\u00e0 - Bailador","robots":{"index":"index","follow":"follow","max-snippet":"max-snippet:-1","max-image-preview":"max-image-preview:large","max-video-preview":"max-video-preview:-1"},"canonical":"http:\/\/bailador.org\/blog\/politica-e-non-umano\/lettera-all\u2019on-le-francesca-martini-sottosegretario-alla-sanita\/","og_locale":"it_IT","og_type":"article","og_title":"Lettera all\u2019On.le Francesca Martini Sottosegretario alla Sanit\u00e0 - Bailador","og_description":"11\/11\/2009 Lettera all\u2019On.le Francesca Martini Sottosegretario alla Sanit\u00e0 \u2014\u2014\u2014\u2014\u2014\u2014\u2014\u2014\u2014\u2014\u2014\u2014\u2014\u2014\u2014\u2014\u2014\u2014\u2014\u2014\u2014\u2014\u2014\u2014\u2014 Esiste una tratta di randagi verso la Germania e l\u2019Europa del nord? La seconda fase della campagna contro i canili \u2013 lager: boicottaggio turistico e dei prodotti? Cicerale: Cafasso non si tocca malgrado i proclami. La storia del bradipo sepolto vivo in una bara di vetro. &hellip; Leggi tutto \"Lettera all\u2019On.le Francesca Martini Sottosegretario alla Sanit\u00e0\"","og_url":"http:\/\/bailador.org\/blog\/politica-e-non-umano\/lettera-all\u2019on-le-francesca-martini-sottosegretario-alla-sanita\/","og_site_name":"Bailador","article_publisher":"https:\/\/www.facebook.com\/Bailador.org","twitter_card":"summary_large_image","twitter_misc":{"Tempo di lettura stimato":"11 minuti"},"schema":{"@context":"https:\/\/schema.org","@graph":[{"@type":"WebPage","@id":"http:\/\/bailador.org\/blog\/politica-e-non-umano\/lettera-all%e2%80%99on-le-francesca-martini-sottosegretario-alla-sanita\/","url":"http:\/\/bailador.org\/blog\/politica-e-non-umano\/lettera-all%e2%80%99on-le-francesca-martini-sottosegretario-alla-sanita\/","name":"Lettera all\u2019On.le Francesca Martini Sottosegretario alla Sanit\u00e0 - Bailador","isPartOf":{"@id":"http:\/\/bailador.org\/blog\/#website"},"datePublished":"2010-08-19T12:33:18+00:00","breadcrumb":{"@id":"http:\/\/bailador.org\/blog\/politica-e-non-umano\/lettera-all%e2%80%99on-le-francesca-martini-sottosegretario-alla-sanita\/#breadcrumb"},"inLanguage":"it-IT","potentialAction":[{"@type":"ReadAction","target":["http:\/\/bailador.org\/blog\/politica-e-non-umano\/lettera-all%e2%80%99on-le-francesca-martini-sottosegretario-alla-sanita\/"]}]},{"@type":"BreadcrumbList","@id":"http:\/\/bailador.org\/blog\/politica-e-non-umano\/lettera-all%e2%80%99on-le-francesca-martini-sottosegretario-alla-sanita\/#breadcrumb","itemListElement":[{"@type":"ListItem","position":1,"name":"Home","item":"http:\/\/bailador.org\/blog\/"},{"@type":"ListItem","position":2,"name":"Politica e non umano","item":"http:\/\/bailador.org\/blog\/politica-e-non-umano\/"},{"@type":"ListItem","position":3,"name":"Lettera all\u2019On.le Francesca Martini Sottosegretario alla Sanit\u00e0"}]},{"@type":"WebSite","@id":"http:\/\/bailador.org\/blog\/#website","url":"http:\/\/bailador.org\/blog\/","name":"Bailador","description":"Gruppo di lavoro per la difesa del non umano","publisher":{"@id":"http:\/\/bailador.org\/blog\/#organization"},"potentialAction":[{"@type":"SearchAction","target":{"@type":"EntryPoint","urlTemplate":"http:\/\/bailador.org\/blog\/?s={search_term_string}"},"query-input":{"@type":"PropertyValueSpecification","valueRequired":true,"valueName":"search_term_string"}}],"inLanguage":"it-IT"},{"@type":"Organization","@id":"http:\/\/bailador.org\/blog\/#organization","name":"Bailador","url":"http:\/\/bailador.org\/blog\/","logo":{"@type":"ImageObject","inLanguage":"it-IT","@id":"http:\/\/bailador.org\/blog\/#\/schema\/logo\/image\/","url":"http:\/\/bailador.org\/blog\/wp-content\/uploads\/2024\/02\/testa-bailador-1920.jpg","contentUrl":"http:\/\/bailador.org\/blog\/wp-content\/uploads\/2024\/02\/testa-bailador-1920.jpg","width":1500,"height":698,"caption":"Bailador"},"image":{"@id":"http:\/\/bailador.org\/blog\/#\/schema\/logo\/image\/"},"sameAs":["https:\/\/www.facebook.com\/Bailador.org"]}]}},"_links":{"self":[{"href":"http:\/\/bailador.org\/blog\/wp-json\/wp\/v2\/pages\/148","targetHints":{"allow":["GET"]}}],"collection":[{"href":"http:\/\/bailador.org\/blog\/wp-json\/wp\/v2\/pages"}],"about":[{"href":"http:\/\/bailador.org\/blog\/wp-json\/wp\/v2\/types\/page"}],"author":[{"embeddable":true,"href":"http:\/\/bailador.org\/blog\/wp-json\/wp\/v2\/users\/1"}],"replies":[{"embeddable":true,"href":"http:\/\/bailador.org\/blog\/wp-json\/wp\/v2\/comments?post=148"}],"version-history":[{"count":2,"href":"http:\/\/bailador.org\/blog\/wp-json\/wp\/v2\/pages\/148\/revisions"}],"predecessor-version":[{"id":151,"href":"http:\/\/bailador.org\/blog\/wp-json\/wp\/v2\/pages\/148\/revisions\/151"}],"up":[{"embeddable":true,"href":"http:\/\/bailador.org\/blog\/wp-json\/wp\/v2\/pages\/20"}],"wp:attachment":[{"href":"http:\/\/bailador.org\/blog\/wp-json\/wp\/v2\/media?parent=148"}],"curies":[{"name":"wp","href":"https:\/\/api.w.org\/{rel}","templated":true}]}}