{"id":152,"date":"2010-08-19T14:44:56","date_gmt":"2010-08-19T12:44:56","guid":{"rendered":"http:\/\/bailador.org\/blog\/"},"modified":"2010-08-19T14:44:56","modified_gmt":"2010-08-19T12:44:56","slug":"quello-che-ho-amaramente-osservato","status":"publish","type":"page","link":"http:\/\/bailador.org\/blog\/politica-e-non-umano\/quello-che-ho-amaramente-osservato\/","title":{"rendered":"Quello che ho amaramente osservato"},"content":{"rendered":"<p>16\/10\/2009<\/p>\n<p><strong>ANIMALISMO POLITICA E PARTITI.<br \/>\nQUELLO CHE HO AMARAMENTE OSSERVATO<\/strong><\/p>\n<p><strong> <\/strong><\/p>\n<p><strong>LETTERA A PAOLO RICCI<br \/>\nDI FRANCESCO GUERINI<br \/>\nCANDIDATO VEGETARIANO<br \/>\nDI SINISTRA E LIBERTA\u2019<br \/>\nA CREMA I<\/strong><\/p>\n<p>Caro Paolo,<\/p>\n<p>la tua lettera \u201cUn chiarimento su un ipotetico movimento politico verde \u2013 animalista\u201d ha mosso alcune riflessioni circa le cause dell\u2019inconciliabilit\u00e0 tra movimenti animalisti e partitici nel nostro Paese.<br \/>\nDevo fare una premessa noiosa ma necessaria: come ben sai ho frequentato entrambi gli ambienti, anche se in modi, connotazioni e ruoli diversi.<br \/>\nInnanzitutto ho militato nell\u2019ambiente politico di Sinistra come attivista di base nella Sinistra Giovanile (vedo gi\u00e0 gli ortodossi storcere il naso) e nei DS fino all\u2019ottobre 2007. Non ho aderito al PD e mi sono mosso prima in Sinistra Democratica, quindi nella Sinistra Arcobaleno e ora in Sinistra e Libert\u00e0, ma stavolta non iscritto. Una Babele, caro Paolo. Facciamo ridere i polli.<br \/>\nIl quadro \u00e8 decisamente sconfortante con alcune note positive. La linea generale \u00e8 che negli ultimi anni \u2013 ma in coerenza rispetto ad un percorso iniziato lustri fa \u2013 la Sinistra si \u00e8 scompaginata e sta cercando un nuovo ordine, ma quanto \u00e8 faticoso trovarlo!<br \/>\nQual\u2019\u00e8 il quadro generale? La mia ottica di elettore pi\u00f9 o meno informato e cittadino partecipe \u00e8 questa. Ci sono tre macro aree: il Partito Democratico, il cantiere di Sinistra e Libert\u00e0 e l\u2019arcipelago comunista.<\/p>\n<p><strong>Il Partito Democratico<\/strong><br \/>\nIl PD \u00e8 in crisi da quando c\u2019\u00e8 (e anche da prima, lo dico da ex iscritto DS). Il progetto, forse ineluttabile, \u00e8 stato strutturato senza fondamenta e l\u2019edificio oscilla continuamente, tirato da ogni parte. La crisi \u00e8 divenuta quanto mai evidente con la candidatura di Beppe Grillo alla segreteria. L\u2019impianto di \u201cregole democratiche\u201d non ha impedito ai vertici di tentare in ogni modo di bloccare l\u2019iscrizione di Grillo al PD e quindi la sua candidatura. Vedremo cosa uscir\u00e0 dalle \u201cprimarie\u201d. Comunque, in sintesi, nel PD odierno si vedono delle possibilit\u00e0 di emancipazione ad un partito solido e si leggono soprattutto nei giovani e nel loro nuovo modo di approcciare e militare anche attraverso la rete, alle loro sensibilit\u00e0 tematiche e alla nausea verso gli apparati. Credo che fra qualche anno \u2013 sempre che non venga soffocata nella culla \u2013 una nuova classe dirigente sapr\u00e0 costruire un partito di governo (di cento-centrosinistra) di carattere europeo.<\/p>\n<p><strong>Il cantiere di Sinistra e Libert\u00e0<\/strong><br \/>\nDopo lo sfacelo della Sinistra Arcobaleno alle politiche 2008 e la linea identitaria presa da Rifondazione Comunista nel suo ultimo congresso, gli aderenti alla mozione di Nichi Vendola si staccano da Rifondazione e danno vita al cantiere di Sinistra e Libert\u00e0 assieme ad altri movimenti, tra cui Sinistra Democratica. Fa un po\u2019 ridere: i fuoriusciti a destra di Rifondazione e i fuoriusciti a sinistra dall\u2019ex DS; praticamente un campo profughi.<br \/>\nTuttavia il movimento \u00e8 concretamente basato sui contenuti, rappresenta un progetto realmente politico e riesce a ottenere da solo il 3,12% (958.507 voti) alle europee 2009. Se si pensa che alle ultime politiche 2008 la Sinistra l\u2019Arcobaleno (PRC, PDCI, SD, Verdi) raggiunse il 3,084% (1.124.298 voti) e che il movimento Sinistra e Libert\u00e0 nasce pochi mesi prima delle elezioni e non \u00e8 un partito (non ha quindi strutture e denaro) il risultato \u00e8 sorprendente.<\/p>\n<p><strong>L\u2019arcipelago comunista<\/strong><br \/>\nL\u2019arcipelago comunista \u00e8 un caso molto significativo ed \u00e8 quello che mi suggerisce le maggiori somiglianze con i movimenti animalisti italiani. Intanto definiamo i numeri: oggi in Italia ci sono otto (8!) partiti comunisti, pi\u00f9 uno di area:<\/p>\n<p>&#8211; Partito della Rifondazione Comunista \u2013 3,38% (1.038.284 di voti) con il PDCI alle europee 2009<br \/>\n&#8211; Partito dei Comunisti Italiani \u2013 3,38% con il PRC alle europee 2009<br \/>\n&#8211; Partito Comunista dei Lavoratori \u2013 0,57% alle politiche 2008, 0,54% alle europee 2009<br \/>\n&#8211; Sinistra Critica \u2013 0,46% alle politiche 2008<br \/>\n&#8211; Partito di Alternativa Comunista \u2013 0,005% alle politiche 2008<br \/>\n&#8211; Partito Marxista-Leninista Italiano<br \/>\n&#8211; Partito dei CARC (Comitati di Appoggio alla Resistenza per il Comunismo)<br \/>\n&#8211; Corrente comunista internazionale \u2013 non \u00e8 un partito vero e proprio.<\/p>\n<p>Tutti insieme rappresenterebbero il 5,5% degli elettori. Se andassero d\u2019accordo fra loro e si unissero sarebbero un partito come si deve in grado di passare le soglie di sbarramento sia alle regionali che alle politiche.<br \/>\nFuori dagli schemi \u2013 non si definisce comunista \u2013 c\u2019\u00e8 la lista civica nazionale Per il Bene Comune (0,33% alle politiche 2008), il cui esponente pi\u00f9 visibile \u00e8 Fernando Rossi, il senatore espulso dal PDCI per non aver votato (giustamente) assieme a Franco Turigliatto, anche lui poi espulso dal PRC, la mozione D\u2019Alema che rinnovava il sostegno alla missione \u201cdi pace\u201d in Afghanistan, occasione di crisi del secondo Governo Prodi.<br \/>\nOra. In tutto questo bailamme di sigle, accozzaglie ideologiche e progetti pi\u00f9 o meno seri non emerge con forza \u2013 secondo me \u2013 un progetto che possa accogliere le tesi animaliste per due motivi:<br \/>\nInnanzitutto questa Sinistra \u2013 in formazione o in declino \u2013 o \u00e8 troppo matura e consolidata ideologicamente oppure \u00e8 alla ricerca di darsi una forma agile e vincente, tutto ci\u00f2 la impegna in una promozione chiassosa tutta concentrata sui punti forti delle ideologie storiche della Sinistra (pace, lavoro, diritti and so on\u2026) \u2013 nel tentativo di vedersi riconoscere lo status di \u201cpartito della sinistra\u201d \u2013 trascurando tutte le possibili aperture tematiche su questioni doverose e giuste legate al biocentrismo: antispecismo, compatibilit\u00e0 ambientale, riconversione economica, rivoluzione dei consumi. Non sono questioni strettamente politiche ma sono ci\u00f2 di cui la politica dovrebbe occuparsi.<br \/>\nIn secondo luogo lo stato della Sinistra in Italia (o moribondo o neonato) non le consente di sostenere nella giusta misura le tesi che noi discutiamo da tempo: la Sinistra \u00e8 talmente impegnata nello sforzo di non collassare da non avere il tempo, le persone, e le risorse per affrontare questi argomenti, che tra l\u2019altro contribuirebbero riccamente nel darle una visione in prospettiva e progressiva, che ora non ha. Inoltre un altro serio problema \u00e8 che le persone che stanno lavorando a questa Sinistra sono le stesse che hanno contribuito a demolirla, quali speranze possono nascere da un simile contesto?<br \/>\nDevo ammettere che in tutte e tre le aree che ho citato sopra ci sono gruppi sensibili a questi argomenti ma sono minoranze piccole e ghettizzate: la Sinistra ha paura di essere frivola e si rifiuta di occuparsi di queste cose. Ho sentito personalmente militanti sessantenni del PDCI, durante un\u2019assemblea, dire durante un intervento degli Animalisti Italiani: \u201cdobbiamo separarci da questa gente\u201d con grande apprezzamento dei coetanei e imbarazzo dei pi\u00f9 giovani.<br \/>\nPer la sinistra italiana \u2013 e non solo per quella \u2013 c\u2019\u00e8 sempre \u201cben altro\u201d di pi\u00f9 importante a cui pensare: il \u201cbenaltrismo\u201d come lo chiama, azzeccandoci in pieno, il mio amico Giancarlo Molaschi (vedi Numerozero.1, pagina 13 \u2013<a href=\"http:\/\/issuu.com\/numero.zero\/docs\/numerozero1\">http:\/\/issuu.com\/numero.zero\/docs\/numerozero1<\/a>).<br \/>\nIl \u201cbenaltrismo\u201d \u00e8 la radice della delusione di tutte le speranze di chi credeva nei governi di centrosinistra, \u00e8 la causa per la quale la destra \u00e8 ancora imperniata sull\u2019attuale presidente del consiglio dei ministri, graziato sulla questione del conflitto di interessi: quando tutto il popolo della sinistra chiedeva una legge che avrebbe fatto giustizia in merito, il centrosinistra aveva \u201cben altro\u201d a cui pensare. I danni li stiamo ancora pagando.<br \/>\nInsomma, la sinistra italiana manca assolutamente di prospettiva e solidit\u00e0 strutturale. A dire il vero io nutro e coltivo speranze in Sinistra e Libert\u00e0, che tra tutte le formazioni \u00e8 la pi\u00f9 giovane, la meno strutturata, quella con meno politici di professione. Ma \u00e8 ancora presto per discutere.<\/p>\n<p><strong>Il versante animalista<\/strong><br \/>\nChiusa la questione relativa alla politica non resta molto da dire sul versante animalista. Premetto che io non frequento pi\u00f9 molto l\u2019ambiente per la manifesta inconcludenza di ogni iniziativa e per l\u2019incapacit\u00e0 di darsi una visione di sistema in grado di incidere sulle cose. Per perseguire i miei propositi animalisti mi sono dato alla politica, \u00e8 questo la dice lunga.<br \/>\nInoltre negli ambienti animalisti mi sembra di riconoscere due posizioni maggioritarie distinte e contrapposte.<br \/>\nLa prima \u00e8 organica alla visione politica e vede la propria missione animalista come integrata in quella politica pi\u00f9 generale (anch\u2019io la penso cos\u00ec). I sostenitori di questo orientamento sono anche militanti politici o hanno una collocazione politica riconoscibile e non flessibile. Il problema \u00e8 che in questo modo i gruppi non riescono a far pesare il proprio voto con un\u2019azione di lobbying o con la formazione di un partito animalista autonomo, disperdendone il peso potenziale. Crediamo nella politica ma i nostri partiti non ci ascoltano e non siamo sufficientemente forti da abbandonarli per altri lidi. Lo so perch\u00e9 anche io sono cos\u00ec.<br \/>\nLa seconda \u00e8 quella che si discosta totalmente dalla politica ritenendola corrotta o inutile allo scopo. Questi gruppi lavorano pi\u00f9 sui piani dell\u2019informazione e della sensibilizzazione, si muovono sul web e nelle manifestazioni autonome. Alcune delle personalit\u00e0 di spicco vanno al concreto e sono attive. Devo dire che sono quelli che ottengono pi\u00f9 risultati ma la dimensione di sfiducia verso la politica attira un pubblico settario un po\u2019 ingenuo e fricchettone con il quale personalmente non mi sono mai trovato a mio agio. Frequentare questi ambienti \u00e8 sempre stato noioso e imbarazzante, al di la delle personalit\u00e0 di spicco che emergono luminose e che hanno la mia stima e riconoscenza non vi ho trovato grandi spunti. Ci sono poi altre dimensioni dell\u2019animalismo italiano e sono molte e multiformi, ma spesso frammentate e inconcludenti (come la sinistra italiana).<br \/>\nIn sintesi anche all\u2019animalismo italiano manca una visione unitaria in prospettiva, manca una condivisione programmatica e sui contenuti (conosciamo da vicino le liti fra i vegetariani e i vegani: roba da vergognarsi), manca una struttura unitaria che raccolga le istanze del biocentrismo e le sostenga sia sul versante politico che su quello dell\u2019informazione e della sensibilizzazione.<br \/>\nGli stessi difetti della sinistra italiana.<\/p>\n<p><strong>Conclusioni<\/strong><br \/>\nOra, mio padre mi dice sempre una cosa \u201cda du p\u00ecer ve m\u00eca fora \u2018n p\u00f2m\u201d (da due pere non pu\u00f2 uscire una mela): non c\u2019\u00e8 da aspettarsi che l\u2019interazione di due soggetti disastrati dia buoni risultati. Finora i rapporti fra politica e animalismo, quando ci sono stati, sono stati la somma di due disgrazie tranne rarissime e luminose eccezioni.<br \/>\nIo spero e credo in una emancipazione futura. La mia minuscola parte la faccio, a partire dal presente, dentro un movimento politico (Sinistra e Libert\u00e0): sono stato candidato mettendo bene in chiaro che sono vegetaliano e ne faccio una questione sociale. Il movimento mi ha sostenuto e questo \u00e8 un segnale incoraggiante (i DS, nonostante le promesse, furono sempre molto pi\u00f9 tiepidi). Credo sempre che una iniziativa di collaborazione debba partire da ambienti politici sensibili, in grado di dare struttura e voce alle sensibilit\u00e0 che crescono dal basso. Gli animalisti sono almeno il 10% degli italiani, la domanda c\u2019\u00e8 (lo stai ribadendo da una vita), non sono cos\u00ec scoraggiato sulla situazione da non provarci nemmeno.<br \/>\nMi auguro che anche fra gli animalisti ci sia, come spero avvenga in politica, un rinnovo generazionale possa muovere un po\u2019 gli animi e le volont\u00e0. Nel frattempo continueremo a percorrere, come sempre abbiamo fatto, la nostra personale ricerca politica.<br \/>\nNon possiamo farne a meno.<\/p>\n<p>Un saluto<\/p>\n<p><em>Francesco Guerini<\/em><\/p>\n<p><a href=\"mailto:francescoguerini@gmail.com\">francescoguerini@gmail.com<\/a><br \/>\n<a href=\"http:\/\/vegetalieni.blogspot.com\/\">http:\/\/vegetalieni.blogspot.com<\/a><\/p>\n<p>Crema 16.10.2009<\/p>\n","protected":false},"excerpt":{"rendered":"<p>16\/10\/2009 ANIMALISMO POLITICA E PARTITI. QUELLO CHE HO AMARAMENTE OSSERVATO LETTERA A PAOLO RICCI DI FRANCESCO GUERINI CANDIDATO VEGETARIANO DI SINISTRA E LIBERTA\u2019 A CREMA I Caro Paolo, la tua lettera \u201cUn chiarimento su un ipotetico movimento politico verde \u2013 animalista\u201d ha mosso alcune riflessioni circa le cause dell\u2019inconciliabilit\u00e0 tra movimenti animalisti e partitici nel &hellip; <a href=\"http:\/\/bailador.org\/blog\/politica-e-non-umano\/quello-che-ho-amaramente-osservato\/\" class=\"more-link\">Leggi tutto<span class=\"screen-reader-text\"> &#8220;Quello che ho amaramente osservato&#8221;<\/span><\/a><\/p>\n","protected":false},"author":1,"featured_media":0,"parent":20,"menu_order":0,"comment_status":"open","ping_status":"open","template":"politica.php","meta":{"iawp_total_views":2,"footnotes":""},"class_list":["post-152","page","type-page","status-publish","hentry"],"yoast_head":"<!-- This site is optimized with the Yoast SEO plugin v27.4 - https:\/\/yoast.com\/product\/yoast-seo-wordpress\/ -->\n<title>Quello che ho amaramente osservato - Bailador<\/title>\n<meta name=\"robots\" content=\"index, follow, max-snippet:-1, max-image-preview:large, max-video-preview:-1\" \/>\n<link rel=\"canonical\" href=\"http:\/\/bailador.org\/blog\/politica-e-non-umano\/quello-che-ho-amaramente-osservato\/\" \/>\n<meta property=\"og:locale\" content=\"it_IT\" \/>\n<meta property=\"og:type\" content=\"article\" \/>\n<meta property=\"og:title\" content=\"Quello che ho amaramente osservato - Bailador\" \/>\n<meta property=\"og:description\" content=\"16\/10\/2009 ANIMALISMO POLITICA E PARTITI. QUELLO CHE HO AMARAMENTE OSSERVATO LETTERA A PAOLO RICCI DI FRANCESCO GUERINI CANDIDATO VEGETARIANO DI SINISTRA E LIBERTA\u2019 A CREMA I Caro Paolo, la tua lettera \u201cUn chiarimento su un ipotetico movimento politico verde \u2013 animalista\u201d ha mosso alcune riflessioni circa le cause dell\u2019inconciliabilit\u00e0 tra movimenti animalisti e partitici nel &hellip; Leggi tutto &quot;Quello che ho amaramente osservato&quot;\" \/>\n<meta property=\"og:url\" content=\"http:\/\/bailador.org\/blog\/politica-e-non-umano\/quello-che-ho-amaramente-osservato\/\" \/>\n<meta property=\"og:site_name\" content=\"Bailador\" \/>\n<meta property=\"article:publisher\" content=\"https:\/\/www.facebook.com\/Bailador.org\" \/>\n<meta name=\"twitter:card\" content=\"summary_large_image\" \/>\n<meta name=\"twitter:label1\" content=\"Tempo di lettura stimato\" \/>\n\t<meta name=\"twitter:data1\" content=\"9 minuti\" \/>\n<script type=\"application\/ld+json\" class=\"yoast-schema-graph\">{\"@context\":\"https:\\\/\\\/schema.org\",\"@graph\":[{\"@type\":\"WebPage\",\"@id\":\"http:\\\/\\\/bailador.org\\\/blog\\\/politica-e-non-umano\\\/quello-che-ho-amaramente-osservato\\\/\",\"url\":\"http:\\\/\\\/bailador.org\\\/blog\\\/politica-e-non-umano\\\/quello-che-ho-amaramente-osservato\\\/\",\"name\":\"Quello che ho amaramente osservato - Bailador\",\"isPartOf\":{\"@id\":\"http:\\\/\\\/bailador.org\\\/blog\\\/#website\"},\"datePublished\":\"2010-08-19T12:44:56+00:00\",\"breadcrumb\":{\"@id\":\"http:\\\/\\\/bailador.org\\\/blog\\\/politica-e-non-umano\\\/quello-che-ho-amaramente-osservato\\\/#breadcrumb\"},\"inLanguage\":\"it-IT\",\"potentialAction\":[{\"@type\":\"ReadAction\",\"target\":[\"http:\\\/\\\/bailador.org\\\/blog\\\/politica-e-non-umano\\\/quello-che-ho-amaramente-osservato\\\/\"]}]},{\"@type\":\"BreadcrumbList\",\"@id\":\"http:\\\/\\\/bailador.org\\\/blog\\\/politica-e-non-umano\\\/quello-che-ho-amaramente-osservato\\\/#breadcrumb\",\"itemListElement\":[{\"@type\":\"ListItem\",\"position\":1,\"name\":\"Home\",\"item\":\"http:\\\/\\\/bailador.org\\\/blog\\\/\"},{\"@type\":\"ListItem\",\"position\":2,\"name\":\"Politica e non umano\",\"item\":\"http:\\\/\\\/bailador.org\\\/blog\\\/politica-e-non-umano\\\/\"},{\"@type\":\"ListItem\",\"position\":3,\"name\":\"Quello che ho amaramente osservato\"}]},{\"@type\":\"WebSite\",\"@id\":\"http:\\\/\\\/bailador.org\\\/blog\\\/#website\",\"url\":\"http:\\\/\\\/bailador.org\\\/blog\\\/\",\"name\":\"Bailador\",\"description\":\"Gruppo di lavoro per la difesa del non umano\",\"publisher\":{\"@id\":\"http:\\\/\\\/bailador.org\\\/blog\\\/#organization\"},\"potentialAction\":[{\"@type\":\"SearchAction\",\"target\":{\"@type\":\"EntryPoint\",\"urlTemplate\":\"http:\\\/\\\/bailador.org\\\/blog\\\/?s={search_term_string}\"},\"query-input\":{\"@type\":\"PropertyValueSpecification\",\"valueRequired\":true,\"valueName\":\"search_term_string\"}}],\"inLanguage\":\"it-IT\"},{\"@type\":\"Organization\",\"@id\":\"http:\\\/\\\/bailador.org\\\/blog\\\/#organization\",\"name\":\"Bailador\",\"url\":\"http:\\\/\\\/bailador.org\\\/blog\\\/\",\"logo\":{\"@type\":\"ImageObject\",\"inLanguage\":\"it-IT\",\"@id\":\"http:\\\/\\\/bailador.org\\\/blog\\\/#\\\/schema\\\/logo\\\/image\\\/\",\"url\":\"http:\\\/\\\/bailador.org\\\/blog\\\/wp-content\\\/uploads\\\/2024\\\/02\\\/testa-bailador-1920.jpg\",\"contentUrl\":\"http:\\\/\\\/bailador.org\\\/blog\\\/wp-content\\\/uploads\\\/2024\\\/02\\\/testa-bailador-1920.jpg\",\"width\":1500,\"height\":698,\"caption\":\"Bailador\"},\"image\":{\"@id\":\"http:\\\/\\\/bailador.org\\\/blog\\\/#\\\/schema\\\/logo\\\/image\\\/\"},\"sameAs\":[\"https:\\\/\\\/www.facebook.com\\\/Bailador.org\"]}]}<\/script>\n<!-- \/ Yoast SEO plugin. -->","yoast_head_json":{"title":"Quello che ho amaramente osservato - Bailador","robots":{"index":"index","follow":"follow","max-snippet":"max-snippet:-1","max-image-preview":"max-image-preview:large","max-video-preview":"max-video-preview:-1"},"canonical":"http:\/\/bailador.org\/blog\/politica-e-non-umano\/quello-che-ho-amaramente-osservato\/","og_locale":"it_IT","og_type":"article","og_title":"Quello che ho amaramente osservato - Bailador","og_description":"16\/10\/2009 ANIMALISMO POLITICA E PARTITI. QUELLO CHE HO AMARAMENTE OSSERVATO LETTERA A PAOLO RICCI DI FRANCESCO GUERINI CANDIDATO VEGETARIANO DI SINISTRA E LIBERTA\u2019 A CREMA I Caro Paolo, la tua lettera \u201cUn chiarimento su un ipotetico movimento politico verde \u2013 animalista\u201d ha mosso alcune riflessioni circa le cause dell\u2019inconciliabilit\u00e0 tra movimenti animalisti e partitici nel &hellip; Leggi tutto \"Quello che ho amaramente osservato\"","og_url":"http:\/\/bailador.org\/blog\/politica-e-non-umano\/quello-che-ho-amaramente-osservato\/","og_site_name":"Bailador","article_publisher":"https:\/\/www.facebook.com\/Bailador.org","twitter_card":"summary_large_image","twitter_misc":{"Tempo di lettura stimato":"9 minuti"},"schema":{"@context":"https:\/\/schema.org","@graph":[{"@type":"WebPage","@id":"http:\/\/bailador.org\/blog\/politica-e-non-umano\/quello-che-ho-amaramente-osservato\/","url":"http:\/\/bailador.org\/blog\/politica-e-non-umano\/quello-che-ho-amaramente-osservato\/","name":"Quello che ho amaramente osservato - Bailador","isPartOf":{"@id":"http:\/\/bailador.org\/blog\/#website"},"datePublished":"2010-08-19T12:44:56+00:00","breadcrumb":{"@id":"http:\/\/bailador.org\/blog\/politica-e-non-umano\/quello-che-ho-amaramente-osservato\/#breadcrumb"},"inLanguage":"it-IT","potentialAction":[{"@type":"ReadAction","target":["http:\/\/bailador.org\/blog\/politica-e-non-umano\/quello-che-ho-amaramente-osservato\/"]}]},{"@type":"BreadcrumbList","@id":"http:\/\/bailador.org\/blog\/politica-e-non-umano\/quello-che-ho-amaramente-osservato\/#breadcrumb","itemListElement":[{"@type":"ListItem","position":1,"name":"Home","item":"http:\/\/bailador.org\/blog\/"},{"@type":"ListItem","position":2,"name":"Politica e non umano","item":"http:\/\/bailador.org\/blog\/politica-e-non-umano\/"},{"@type":"ListItem","position":3,"name":"Quello che ho amaramente osservato"}]},{"@type":"WebSite","@id":"http:\/\/bailador.org\/blog\/#website","url":"http:\/\/bailador.org\/blog\/","name":"Bailador","description":"Gruppo di lavoro per la difesa del non umano","publisher":{"@id":"http:\/\/bailador.org\/blog\/#organization"},"potentialAction":[{"@type":"SearchAction","target":{"@type":"EntryPoint","urlTemplate":"http:\/\/bailador.org\/blog\/?s={search_term_string}"},"query-input":{"@type":"PropertyValueSpecification","valueRequired":true,"valueName":"search_term_string"}}],"inLanguage":"it-IT"},{"@type":"Organization","@id":"http:\/\/bailador.org\/blog\/#organization","name":"Bailador","url":"http:\/\/bailador.org\/blog\/","logo":{"@type":"ImageObject","inLanguage":"it-IT","@id":"http:\/\/bailador.org\/blog\/#\/schema\/logo\/image\/","url":"http:\/\/bailador.org\/blog\/wp-content\/uploads\/2024\/02\/testa-bailador-1920.jpg","contentUrl":"http:\/\/bailador.org\/blog\/wp-content\/uploads\/2024\/02\/testa-bailador-1920.jpg","width":1500,"height":698,"caption":"Bailador"},"image":{"@id":"http:\/\/bailador.org\/blog\/#\/schema\/logo\/image\/"},"sameAs":["https:\/\/www.facebook.com\/Bailador.org"]}]}},"_links":{"self":[{"href":"http:\/\/bailador.org\/blog\/wp-json\/wp\/v2\/pages\/152","targetHints":{"allow":["GET"]}}],"collection":[{"href":"http:\/\/bailador.org\/blog\/wp-json\/wp\/v2\/pages"}],"about":[{"href":"http:\/\/bailador.org\/blog\/wp-json\/wp\/v2\/types\/page"}],"author":[{"embeddable":true,"href":"http:\/\/bailador.org\/blog\/wp-json\/wp\/v2\/users\/1"}],"replies":[{"embeddable":true,"href":"http:\/\/bailador.org\/blog\/wp-json\/wp\/v2\/comments?post=152"}],"version-history":[{"count":2,"href":"http:\/\/bailador.org\/blog\/wp-json\/wp\/v2\/pages\/152\/revisions"}],"predecessor-version":[{"id":154,"href":"http:\/\/bailador.org\/blog\/wp-json\/wp\/v2\/pages\/152\/revisions\/154"}],"up":[{"embeddable":true,"href":"http:\/\/bailador.org\/blog\/wp-json\/wp\/v2\/pages\/20"}],"wp:attachment":[{"href":"http:\/\/bailador.org\/blog\/wp-json\/wp\/v2\/media?parent=152"}],"curies":[{"name":"wp","href":"https:\/\/api.w.org\/{rel}","templated":true}]}}