{"id":221,"date":"2010-08-26T15:21:03","date_gmt":"2010-08-26T13:21:03","guid":{"rendered":"http:\/\/bailador.org\/blog\/"},"modified":"2010-08-26T15:22:19","modified_gmt":"2010-08-26T13:22:19","slug":"la-bolgia-infernale-di-cicerale-la-gomorra-animale","status":"publish","type":"page","link":"http:\/\/bailador.org\/blog\/interviste\/la-bolgia-infernale-di-cicerale-la-gomorra-animale\/","title":{"rendered":"La bolgia infernale di Cicerale &#8211; la gomorra animale"},"content":{"rendered":"<p>04\/10\/2009<\/p>\n<p><strong>LA BOLGIA INFERNALE DI CICERALE<br \/>\nLA GOMORRA ANIMALE<br \/>\n(CHE SAVIANO NON CONOSCE E NON HA INSERITO NEL SUO LIBRO)<br \/>\nUn\u2019intervista in quattro parti sull\u2019 orrore dei canili \u2013 lager<\/strong><\/p>\n<p>Tempo fa mi scrisse una giovane campana. Aveva letto una cosa mia che girava nei siti.<br \/>\nMi pare fosse la lettera a Vito Mancuso. Mi chiese se poteva vedermi e se potevo aiutarla per un problema riguardante i maltrattamenti dei cani. Le dissi che contavo poco ma se voleva, nei miei limiti, l\u2019avrei aiutata. Le chiesi di spiegarmi cosa accadeva e la ragazza mi mand\u00f2 delle foto che mi lasciarono esterrefatto.<br \/>\nCose orrende. Provai una profonda vergogna di appartenere alla mia specie degenerata. Provai vergogna per non essermene accorto prima di quest\u2019orrore . Di non aver capito l\u2019entit\u00e0 dell\u2019orrore. Quando questa roba ti arriva via mail e la apri \u00e8 come ricevere un pugno nello stomaco o un calcio nei testicoli, ti lascia boccheggiante, ti passa la volont\u00e0 di vivere. Spiegai alla giovane che stavo andando a Venezia e che sarei partito da Roma in macchina. La ragazza mi incontr\u00f2 nei pressi di Roma, veniva dal Sud e organizz\u00f2 un incontro con alcune attiviste \u201canimaliste\u201dal mio ritorno da Venezia. Prima di partire per l\u2019Inghilterra le incontrai e registrai (con un registratore) quello che mi dicevano. Queste ragazze, giovanissime, una romana, una fiorentina e una campana, non erano a contatto diretto con i canili ma avevano raccolto del materiale da persone che conoscevano l\u2019orrore di quei luoghi e avevano sui volti i segni dello schifo che avevano visto. Negli occhi portavano la rabbia dell\u2019impotenza davanti al Male. \u00a0Perch\u00e9 di Male si tratta.<br \/>\nAvevo chiesto di incontrare i volontari che si occupavano delle adozioni presso quel canile . Mi risposero che non potevano entrare in diretto contatto con me e denunciare quello che avevano visto perch\u00e9 gli sarebbe stato interdetto l\u2019accesso al canile, e rischiavano di essere denunciati. Quando sentii questo rimasi sbalordito. Ma come, nella Rutalia di Papi trionfante, nel regno dell\u2019italietta civile, artistica, storica, del \u201cMade in Italy\u201d, della Ferrari, nell\u2019Italia felix, gaudente e \u201ccafonal\u201d avvenivano ancora queste cose?<br \/>\nChiesi: \u201cMa siamo forse in Colombia che un\u2019attivista non pu\u00f2 parlare perch\u00e9 rischia la vita? Dove cavolo siamo?\u201d Ma quelle ragazze confermarono tutto. \u201cSi rischia la pelle, gli interessi sono grandi e ci sono 97 comuni dietro alla mercificazione dei randagi\u201d. Rimasi sbalordito. \u201cAllora Saviano ha dimenticato di dire qualcosa?\u201d Chiesi. Risposero: \u201cSi, non sapeva. Ma i media sapevano. Eccome se sapevano! \u201d<br \/>\n\u201cNon tutti sapevano o sanno\u201d dissi. Risposero: \u201cIn molti sanno, ma gli animali sono il nulla per loro\u201d<br \/>\nErano dure e dirette le ragazze e avevano una rabbia in corpo e una selvaggia tristezza che mi colpirono .<br \/>\nPrima di passare all\u2019intervista che spiega con chiarezza quello che accade; qualcosa voglio dire e spero che voi che leggete queste interviste le diffondiate tentando di raggiungere il massimo numero di giornali, associazioni e politici. E\u2019 stomachevole che il grande giornalismo che ci massacra ogni giorno con le cretinate sulla vita privata di Papi (che in Inghilterra, dove vivo, non sarebbe durato un maledetto giorno)<br \/>\nsu prostate sfasciate, escort e prosseneti, non metta mai il naso nel miasma olezzante del trattamento che impartiamo agli animali. Anzi, al non umano: aggiungiamo anche le piante e gli alberi. Se non interessano gli animali interesser\u00e0 pure e dello spreco e il ladrocinio di denaro pubblico che si attua sulla loro pelle!<br \/>\nIo leggo Repubblica e l\u2019Espresso da un vita, sono vecchio, e se dovessi chiedere a Eugenio Scalfari, a Giorgio Bocca, a Ezio Mauro, a Edmondo Berselli, a Giuseppe D\u2019Avanzo \u2013 che ci affligge (giustamente) ogni giorno con le pippate sul Papi Ruteliano \u2013 a Francesco Merlo, a Giovanni Valentini di dire una parola, una sola, una sola volta su quello che facciamo agli animali, so gi\u00e0 quello che mi risponderebbero: \u201cAbbiamo problemi pi\u00f9 gravi\u2026\u201d Anche Giorgio Bocca, che ho letto perfino in Alaska, mi ignorerebbe. Se io dovessi dire a Bocca: la leggo da una vita, mi dia una mano a salvare questi poveri cani, neanche risponderebbe. Dei giornalisti di destra neanche parlo perch\u00e9 conosco gi\u00e0 le risposte. Chiedere a Ferrara o ad altri una roba del genere significherebbe farli schiattare dalle risate. Solo la Padania ha evidenziato l\u2019orrore. Ma, mi domando: i media non si vergognano del loro silenzio? Per non parlare dei politici. Una classe mostruosamente cieca alla sofferenza del non umano. Ma \u00e8 mai possibile che la gente che possiede cani come Francesco Totti, Raul Bova, Massimo D\u2019Alema non riesca a dire una sola parola davanti a questo massacro continuo in autentico stile nazista? Non pensano che potrebbero essere i loro cani in quelle condizioni? Non pensano per un maledetto momento che potrebbero essere i loro animali a patire l\u2019orrore che le povere bestie sperimentano \u2013 perch\u00e9 abbandonate da criminali (sto soppesando le parole)? Lo sanno che questi poveri animali subiscono trattamenti degni del \u201cDottor Morte\u201d Aribert Heim? Ma come in un paese dove oltre 4.800.000 famiglie possiedono uno o due cani avvengono cose del genere? E Sofri perch\u00e9 non dice nulla? E perch\u00e9 non parla il Grillo furioso? Perch\u00e9? Perch\u00e9 gli animalisti lo hanno offeso, come mi ha detto un\u2019amica? Certo gli animalisti che lo hanno offeso se lo potevano risparmiare \u2013 spesso siamo suicidi e tatticamente folli \u2013 ma \u00e8 ragione sufficiente?<br \/>\nMa noi umani quando lo capiremo che non siamo soli sulla terra? Che esistono altri esseri e che fare loro quello che facciamo \u00e8 vergognoso, \u00e8 osceno. Ci macchia. E il silenzio ci macchia ancora di pi\u00f9.<br \/>\nMa avete mai sentito le alte istituzioni o il Papa dire una sola parola su questi orrori?<br \/>\nLi avete mai sentiti? Avete mai sentito Vito Mancuso, che giorni fa ci spiegava il significato dell\u2019imperativo categorico kantiano, dire una parola? Parla degli angeli ma mai del non umano. E io vorrei chiedergli: professore ma l\u2019imperativo categorico \u00e8 applicabile a una sola specie (come insinuava indirettamente Kant) o \u00e8 applicabile anche agli altri esseri viventi? Perch\u00e9 se \u00e8 applicabile a una sola specie \u00e8 un imbroglio specista, \u00e8 un gioco delle tre carte, un\u2019emerita presa per i fondelli, per non dire un\u2019altra cosa. E sarebbe bene, professore, che si chiarisca le idee sul concetto di antropocentrismo perch\u00e9 quel concetto, intriso di hybris pestilenziale, ha fottuto il pianeta. E l\u2019uomo autentico, di cui Lei parla \u00e8 quello che apre la propria compassione verso tutti gli abitanti del suo pianeta. Non solo verso la propria specie.<br \/>\nE dicano una benedetta volta una parola i cattolici: una sola volta! Dove \u00e8 la vostra compassione se siete sempre silenti?<\/p>\n<p>Un ultima cosa. Rivolgo una domanda Augias, che \u00e8 tra i pochissimi giornalisti (incredibilmente con Feltri), che in certi momenti ha mostrato segni di compassione verso gli animali:<\/p>\n<p>Non \u00e8 tempo per un dibattito televisivo sulla sofferenza del non umano? Magari su animali e religioni?<\/p>\n<p>Quando uno interpella i media italici riceve sempre risposte criptiche e monosillabiche.<br \/>\nSe si prova a chiedere l\u2019attenzione dei media \u00e8 spesso un\u2019operazione umiliante.<br \/>\nMa una cosa so: quando tradurr\u00f2 questa lettera e la invier\u00f2 ai media britannici e i miei amici la diffonderanno per il mondo, l\u2019attenzione sar\u00e0 differente. E saranno anche i quotidiani di destra a riprendere la notizia. Il Daily Mail, politicamente situato a destra, promuove spessissimo campagne in difesa del non umano. C\u2019\u00e8 un abisso di sensibilit\u00e0.Un esempio? Il Guardian, che \u00e8 moderatamente di sinistra, il 15 settembre , ha dedicato quasi l\u2019intera prima pagina ai massacri dei delfini perpetrati dai giapponesi (ne uccidono 20.000 all\u2019anno, i cari nipponici). Avete mai visto un quotidiano nostrano fare una cosa del genere? E come \u00e8 possibile che Brunetta che tuona contro gli sperperi del \u201cciarpame culturale parassita\u201d non si sia accorto dei grandi sprechi, delle mostruosit\u00e0 e degli imbrogli \u2013 a danno del contribuente \u2013 perpetrati dai possessori dei canili nostrani? Lo sa Brunetta che questi signori si stanno arricchendo con i soldi pubblici attraverso orrori consumati verso gli animali? Lo sa che i canili sono diventati un mezzo per fare soldi e che sono, dopo la droga e la prostituzione, una delle maggiori fonti di guadagno nel Sud?<\/p>\n<p>E il Ministro del Turismo, la fulva Brambilla, che ama tanto gli animali, perch\u00e9 non dice una sola parola?<\/p>\n<p>Forse la direbbe se qualcuno mettesse in atto un boicottaggio turistico.<\/p>\n<p>E questo proveremo a fare.<\/p>\n<p>E passiamo alle interviste che con estrema chiarezza dipingono l\u2019orrore.<br \/>\nHo riportato parola per parola quello che mi \u00e8 stato detto.<br \/>\nHo cercato di smussare la rabbia che era intensa.<\/p>\n<p><em>Paolo Ricci<\/em><\/p>\n<p><em>www.lasaggezzadichirone.org<\/em><\/p>\n<p><em>ricci@esperia.fsnet.co.uk<\/em><\/p>\n<p><strong>INTERVISTE:<\/strong><\/p>\n<p><a href=\"http:\/\/bailador.org\/blog\/interviste\/la-bolgia-infernale-di-cicerale\/\"><strong>La bolgia di Cicerale<\/strong><\/a><\/p>\n<p><a href=\"http:\/\/bailador.org\/blog\/interviste\/il-sistema-lager\/\"><strong>Il sistema lager<\/strong><\/a><\/p>\n<p><a href=\"http:\/\/bailador.org\/blog\/interviste\/le-associazioni-e-il-balletto-grottesco-delle-istituzioni\/\"><strong>Le associazioni e il balletto\u00a0 grottesco delle istituzioni<\/strong><\/a><\/p>\n<p><a href=\"http:\/\/bailador.org\/blog\/interviste\/che-fare-per-contenere-lorrore\/\"><strong>Che fare per contenere l\u2019orrore<\/strong><\/a><\/p>\n","protected":false},"excerpt":{"rendered":"<p>04\/10\/2009 LA BOLGIA INFERNALE DI CICERALE LA GOMORRA ANIMALE (CHE SAVIANO NON CONOSCE E NON HA INSERITO NEL SUO LIBRO) Un\u2019intervista in quattro parti sull\u2019 orrore dei canili \u2013 lager Tempo fa mi scrisse una giovane campana. Aveva letto una cosa mia che girava nei siti. Mi pare fosse la lettera a Vito Mancuso. Mi &hellip; <a href=\"http:\/\/bailador.org\/blog\/interviste\/la-bolgia-infernale-di-cicerale-la-gomorra-animale\/\" class=\"more-link\">Leggi tutto<span class=\"screen-reader-text\"> &#8220;La bolgia infernale di Cicerale &#8211; la gomorra animale&#8221;<\/span><\/a><\/p>\n","protected":false},"author":1,"featured_media":0,"parent":26,"menu_order":0,"comment_status":"open","ping_status":"open","template":"interviste.php","meta":{"iawp_total_views":3,"footnotes":""},"class_list":["post-221","page","type-page","status-publish","hentry"],"yoast_head":"<!-- This site is optimized with the Yoast SEO plugin v27.4 - https:\/\/yoast.com\/product\/yoast-seo-wordpress\/ -->\n<title>La bolgia infernale di Cicerale - la gomorra animale - Bailador<\/title>\n<meta name=\"robots\" content=\"index, follow, max-snippet:-1, max-image-preview:large, max-video-preview:-1\" \/>\n<link rel=\"canonical\" href=\"http:\/\/bailador.org\/blog\/interviste\/la-bolgia-infernale-di-cicerale-la-gomorra-animale\/\" \/>\n<meta property=\"og:locale\" content=\"it_IT\" \/>\n<meta property=\"og:type\" content=\"article\" \/>\n<meta property=\"og:title\" content=\"La bolgia infernale di Cicerale - la gomorra animale - Bailador\" \/>\n<meta property=\"og:description\" content=\"04\/10\/2009 LA BOLGIA INFERNALE DI CICERALE LA GOMORRA ANIMALE (CHE SAVIANO NON CONOSCE E NON HA INSERITO NEL SUO LIBRO) Un\u2019intervista in quattro parti sull\u2019 orrore dei canili \u2013 lager Tempo fa mi scrisse una giovane campana. Aveva letto una cosa mia che girava nei siti. Mi pare fosse la lettera a Vito Mancuso. Mi &hellip; Leggi tutto &quot;La bolgia infernale di Cicerale &#8211; la gomorra animale&quot;\" \/>\n<meta property=\"og:url\" content=\"http:\/\/bailador.org\/blog\/interviste\/la-bolgia-infernale-di-cicerale-la-gomorra-animale\/\" \/>\n<meta property=\"og:site_name\" content=\"Bailador\" \/>\n<meta property=\"article:publisher\" content=\"https:\/\/www.facebook.com\/Bailador.org\" \/>\n<meta property=\"article:modified_time\" content=\"2010-08-26T13:22:19+00:00\" \/>\n<meta name=\"twitter:card\" content=\"summary_large_image\" \/>\n<meta name=\"twitter:label1\" content=\"Tempo di lettura stimato\" \/>\n\t<meta name=\"twitter:data1\" content=\"7 minuti\" \/>\n<script type=\"application\/ld+json\" class=\"yoast-schema-graph\">{\"@context\":\"https:\\\/\\\/schema.org\",\"@graph\":[{\"@type\":\"WebPage\",\"@id\":\"http:\\\/\\\/bailador.org\\\/blog\\\/interviste\\\/la-bolgia-infernale-di-cicerale-la-gomorra-animale\\\/\",\"url\":\"http:\\\/\\\/bailador.org\\\/blog\\\/interviste\\\/la-bolgia-infernale-di-cicerale-la-gomorra-animale\\\/\",\"name\":\"La bolgia infernale di Cicerale - la gomorra animale - Bailador\",\"isPartOf\":{\"@id\":\"http:\\\/\\\/bailador.org\\\/blog\\\/#website\"},\"datePublished\":\"2010-08-26T13:21:03+00:00\",\"dateModified\":\"2010-08-26T13:22:19+00:00\",\"breadcrumb\":{\"@id\":\"http:\\\/\\\/bailador.org\\\/blog\\\/interviste\\\/la-bolgia-infernale-di-cicerale-la-gomorra-animale\\\/#breadcrumb\"},\"inLanguage\":\"it-IT\",\"potentialAction\":[{\"@type\":\"ReadAction\",\"target\":[\"http:\\\/\\\/bailador.org\\\/blog\\\/interviste\\\/la-bolgia-infernale-di-cicerale-la-gomorra-animale\\\/\"]}]},{\"@type\":\"BreadcrumbList\",\"@id\":\"http:\\\/\\\/bailador.org\\\/blog\\\/interviste\\\/la-bolgia-infernale-di-cicerale-la-gomorra-animale\\\/#breadcrumb\",\"itemListElement\":[{\"@type\":\"ListItem\",\"position\":1,\"name\":\"Home\",\"item\":\"http:\\\/\\\/bailador.org\\\/blog\\\/\"},{\"@type\":\"ListItem\",\"position\":2,\"name\":\"Interviste\",\"item\":\"http:\\\/\\\/bailador.org\\\/blog\\\/interviste\\\/\"},{\"@type\":\"ListItem\",\"position\":3,\"name\":\"La bolgia infernale di Cicerale &#8211; la gomorra animale\"}]},{\"@type\":\"WebSite\",\"@id\":\"http:\\\/\\\/bailador.org\\\/blog\\\/#website\",\"url\":\"http:\\\/\\\/bailador.org\\\/blog\\\/\",\"name\":\"Bailador\",\"description\":\"Gruppo di lavoro per la difesa del non umano\",\"publisher\":{\"@id\":\"http:\\\/\\\/bailador.org\\\/blog\\\/#organization\"},\"potentialAction\":[{\"@type\":\"SearchAction\",\"target\":{\"@type\":\"EntryPoint\",\"urlTemplate\":\"http:\\\/\\\/bailador.org\\\/blog\\\/?s={search_term_string}\"},\"query-input\":{\"@type\":\"PropertyValueSpecification\",\"valueRequired\":true,\"valueName\":\"search_term_string\"}}],\"inLanguage\":\"it-IT\"},{\"@type\":\"Organization\",\"@id\":\"http:\\\/\\\/bailador.org\\\/blog\\\/#organization\",\"name\":\"Bailador\",\"url\":\"http:\\\/\\\/bailador.org\\\/blog\\\/\",\"logo\":{\"@type\":\"ImageObject\",\"inLanguage\":\"it-IT\",\"@id\":\"http:\\\/\\\/bailador.org\\\/blog\\\/#\\\/schema\\\/logo\\\/image\\\/\",\"url\":\"http:\\\/\\\/bailador.org\\\/blog\\\/wp-content\\\/uploads\\\/2024\\\/02\\\/testa-bailador-1920.jpg\",\"contentUrl\":\"http:\\\/\\\/bailador.org\\\/blog\\\/wp-content\\\/uploads\\\/2024\\\/02\\\/testa-bailador-1920.jpg\",\"width\":1500,\"height\":698,\"caption\":\"Bailador\"},\"image\":{\"@id\":\"http:\\\/\\\/bailador.org\\\/blog\\\/#\\\/schema\\\/logo\\\/image\\\/\"},\"sameAs\":[\"https:\\\/\\\/www.facebook.com\\\/Bailador.org\"]}]}<\/script>\n<!-- \/ Yoast SEO plugin. -->","yoast_head_json":{"title":"La bolgia infernale di Cicerale - la gomorra animale - Bailador","robots":{"index":"index","follow":"follow","max-snippet":"max-snippet:-1","max-image-preview":"max-image-preview:large","max-video-preview":"max-video-preview:-1"},"canonical":"http:\/\/bailador.org\/blog\/interviste\/la-bolgia-infernale-di-cicerale-la-gomorra-animale\/","og_locale":"it_IT","og_type":"article","og_title":"La bolgia infernale di Cicerale - la gomorra animale - Bailador","og_description":"04\/10\/2009 LA BOLGIA INFERNALE DI CICERALE LA GOMORRA ANIMALE (CHE SAVIANO NON CONOSCE E NON HA INSERITO NEL SUO LIBRO) Un\u2019intervista in quattro parti sull\u2019 orrore dei canili \u2013 lager Tempo fa mi scrisse una giovane campana. Aveva letto una cosa mia che girava nei siti. Mi pare fosse la lettera a Vito Mancuso. Mi &hellip; Leggi tutto \"La bolgia infernale di Cicerale &#8211; la gomorra animale\"","og_url":"http:\/\/bailador.org\/blog\/interviste\/la-bolgia-infernale-di-cicerale-la-gomorra-animale\/","og_site_name":"Bailador","article_publisher":"https:\/\/www.facebook.com\/Bailador.org","article_modified_time":"2010-08-26T13:22:19+00:00","twitter_card":"summary_large_image","twitter_misc":{"Tempo di lettura stimato":"7 minuti"},"schema":{"@context":"https:\/\/schema.org","@graph":[{"@type":"WebPage","@id":"http:\/\/bailador.org\/blog\/interviste\/la-bolgia-infernale-di-cicerale-la-gomorra-animale\/","url":"http:\/\/bailador.org\/blog\/interviste\/la-bolgia-infernale-di-cicerale-la-gomorra-animale\/","name":"La bolgia infernale di Cicerale - la gomorra animale - Bailador","isPartOf":{"@id":"http:\/\/bailador.org\/blog\/#website"},"datePublished":"2010-08-26T13:21:03+00:00","dateModified":"2010-08-26T13:22:19+00:00","breadcrumb":{"@id":"http:\/\/bailador.org\/blog\/interviste\/la-bolgia-infernale-di-cicerale-la-gomorra-animale\/#breadcrumb"},"inLanguage":"it-IT","potentialAction":[{"@type":"ReadAction","target":["http:\/\/bailador.org\/blog\/interviste\/la-bolgia-infernale-di-cicerale-la-gomorra-animale\/"]}]},{"@type":"BreadcrumbList","@id":"http:\/\/bailador.org\/blog\/interviste\/la-bolgia-infernale-di-cicerale-la-gomorra-animale\/#breadcrumb","itemListElement":[{"@type":"ListItem","position":1,"name":"Home","item":"http:\/\/bailador.org\/blog\/"},{"@type":"ListItem","position":2,"name":"Interviste","item":"http:\/\/bailador.org\/blog\/interviste\/"},{"@type":"ListItem","position":3,"name":"La bolgia infernale di Cicerale &#8211; la gomorra animale"}]},{"@type":"WebSite","@id":"http:\/\/bailador.org\/blog\/#website","url":"http:\/\/bailador.org\/blog\/","name":"Bailador","description":"Gruppo di lavoro per la difesa del non umano","publisher":{"@id":"http:\/\/bailador.org\/blog\/#organization"},"potentialAction":[{"@type":"SearchAction","target":{"@type":"EntryPoint","urlTemplate":"http:\/\/bailador.org\/blog\/?s={search_term_string}"},"query-input":{"@type":"PropertyValueSpecification","valueRequired":true,"valueName":"search_term_string"}}],"inLanguage":"it-IT"},{"@type":"Organization","@id":"http:\/\/bailador.org\/blog\/#organization","name":"Bailador","url":"http:\/\/bailador.org\/blog\/","logo":{"@type":"ImageObject","inLanguage":"it-IT","@id":"http:\/\/bailador.org\/blog\/#\/schema\/logo\/image\/","url":"http:\/\/bailador.org\/blog\/wp-content\/uploads\/2024\/02\/testa-bailador-1920.jpg","contentUrl":"http:\/\/bailador.org\/blog\/wp-content\/uploads\/2024\/02\/testa-bailador-1920.jpg","width":1500,"height":698,"caption":"Bailador"},"image":{"@id":"http:\/\/bailador.org\/blog\/#\/schema\/logo\/image\/"},"sameAs":["https:\/\/www.facebook.com\/Bailador.org"]}]}},"_links":{"self":[{"href":"http:\/\/bailador.org\/blog\/wp-json\/wp\/v2\/pages\/221","targetHints":{"allow":["GET"]}}],"collection":[{"href":"http:\/\/bailador.org\/blog\/wp-json\/wp\/v2\/pages"}],"about":[{"href":"http:\/\/bailador.org\/blog\/wp-json\/wp\/v2\/types\/page"}],"author":[{"embeddable":true,"href":"http:\/\/bailador.org\/blog\/wp-json\/wp\/v2\/users\/1"}],"replies":[{"embeddable":true,"href":"http:\/\/bailador.org\/blog\/wp-json\/wp\/v2\/comments?post=221"}],"version-history":[{"count":2,"href":"http:\/\/bailador.org\/blog\/wp-json\/wp\/v2\/pages\/221\/revisions"}],"predecessor-version":[{"id":224,"href":"http:\/\/bailador.org\/blog\/wp-json\/wp\/v2\/pages\/221\/revisions\/224"}],"up":[{"embeddable":true,"href":"http:\/\/bailador.org\/blog\/wp-json\/wp\/v2\/pages\/26"}],"wp:attachment":[{"href":"http:\/\/bailador.org\/blog\/wp-json\/wp\/v2\/media?parent=221"}],"curies":[{"name":"wp","href":"https:\/\/api.w.org\/{rel}","templated":true}]}}