{"id":317,"date":"2010-09-16T17:29:01","date_gmt":"2010-09-16T15:29:01","guid":{"rendered":"http:\/\/bailador.org\/blog\/"},"modified":"2024-04-03T12:06:35","modified_gmt":"2024-04-03T10:06:35","slug":"tori-che-vinsero","status":"publish","type":"page","link":"http:\/\/bailador.org\/blog\/chi-siamo\/tori-che-vinsero\/","title":{"rendered":"I Tori che vinsero"},"content":{"rendered":"<div id=\"_mcePaste\"><img loading=\"lazy\" decoding=\"async\" class=\"aligncenter size-full wp-image-364\" title=\"torichevinsero\" src=\"http:\/\/bailador.org\/blog\/wp-content\/uploads\/2010\/08\/torichevinsero.jpg\" alt=\"\" width=\"277\" height=\"245\" srcset=\"http:\/\/bailador.org\/blog\/wp-content\/uploads\/2010\/08\/torichevinsero.jpg 277w, http:\/\/bailador.org\/blog\/wp-content\/uploads\/2010\/08\/torichevinsero-169x150.jpg 169w\" sizes=\"auto, (max-width: 277px) 85vw, 277px\" \/><\/div>\n<div><strong><br \/>\nONORE AI GRANDI TORI CHE MASSACRARONO I LORO MASSACRATORI<\/strong><\/div>\n<p>BARBUDO CHE \u00a0L\u201911 MAGGIO 1801 ABBATTE \u00a0JOS\u00c9 DELGADO (&#8220;PEPE HILLO&#8221;),<br \/>\nJOCINERO CHE IL 20 APRILE 1862 ABBATTE JOS\u00c9 RODR\u00cdGUEZ (&#8220;PEPETE&#8221;),<br \/>\nBAILADOR CHE IL 16 MAGGIO 1920 ABBATTE \u00a0JOS\u00c9 G\u00d3MEZ (&#8220;JOSELITO&#8221;),<br \/>\nPOCAPENA CHE IL \u00a07 MAGGIO 1922 ABBATTE MANUEL GRANERO,<br \/>\nGRANADINO CHE L\u201911 AGOSTO 1934 ABBATTE \u00a0IGNACIO S\u00c1NCHEZ MEJ\u00cdAS,<br \/>\nISLERO CHE IL 28 AGOSTO 1947 ABBATTE MANUEL RODR\u00cdGUEZ S\u00c1NCHEZ (&#8220;MANOLETE&#8221;) ,<br \/>\nAVISPADO CHE IL 26 SETTEMBRE 1984 ABBATTE FRANCISCO RIVERA (&#8220;PAQUIRRI&#8221;),<br \/>\nBURLERO CHE IL 30 AGOSTO 1985 ABBATTE \u00a0JOS\u00c9 CUBERO (&#8220;YIYO&#8221;)<\/p>\n","protected":false},"excerpt":{"rendered":"<p>ONORE AI GRANDI TORI CHE MASSACRARONO I LORO MASSACRATORI BARBUDO CHE \u00a0L\u201911 MAGGIO 1801 ABBATTE \u00a0JOS\u00c9 DELGADO (&#8220;PEPE HILLO&#8221;), JOCINERO CHE IL 20 APRILE 1862 ABBATTE JOS\u00c9 RODR\u00cdGUEZ (&#8220;PEPETE&#8221;), BAILADOR CHE IL 16 MAGGIO 1920 ABBATTE \u00a0JOS\u00c9 G\u00d3MEZ (&#8220;JOSELITO&#8221;), POCAPENA CHE IL \u00a07 MAGGIO 1922 ABBATTE MANUEL GRANERO, GRANADINO CHE L\u201911 AGOSTO 1934 ABBATTE \u00a0IGNACIO &hellip; <a href=\"http:\/\/bailador.org\/blog\/chi-siamo\/tori-che-vinsero\/\" class=\"more-link\">Leggi tutto<span class=\"screen-reader-text\"> &#8220;I Tori che vinsero&#8221;<\/span><\/a><\/p>\n","protected":false},"author":1,"featured_media":0,"parent":357,"menu_order":0,"comment_status":"closed","ping_status":"closed","template":"","meta":{"iawp_total_views":7,"footnotes":""},"class_list":["post-317","page","type-page","status-publish","hentry"],"yoast_head":"<!-- This site is optimized with the Yoast SEO plugin v27.4 - https:\/\/yoast.com\/product\/yoast-seo-wordpress\/ -->\n<title>I Tori che vinsero - Bailador<\/title>\n<meta name=\"robots\" content=\"index, follow, max-snippet:-1, max-image-preview:large, max-video-preview:-1\" \/>\n<link rel=\"canonical\" href=\"http:\/\/bailador.org\/blog\/chi-siamo\/tori-che-vinsero\/\" \/>\n<meta property=\"og:locale\" content=\"it_IT\" \/>\n<meta property=\"og:type\" content=\"article\" \/>\n<meta property=\"og:title\" content=\"I Tori che vinsero - Bailador\" \/>\n<meta property=\"og:description\" content=\"ONORE AI GRANDI TORI CHE MASSACRARONO I LORO MASSACRATORI BARBUDO CHE \u00a0L\u201911 MAGGIO 1801 ABBATTE \u00a0JOS\u00c9 DELGADO (&#8220;PEPE HILLO&#8221;), JOCINERO CHE IL 20 APRILE 1862 ABBATTE JOS\u00c9 RODR\u00cdGUEZ (&#8220;PEPETE&#8221;), BAILADOR CHE IL 16 MAGGIO 1920 ABBATTE \u00a0JOS\u00c9 G\u00d3MEZ (&#8220;JOSELITO&#8221;), POCAPENA CHE IL \u00a07 MAGGIO 1922 ABBATTE MANUEL GRANERO, GRANADINO CHE L\u201911 AGOSTO 1934 ABBATTE \u00a0IGNACIO &hellip; Leggi tutto &quot;I Tori che vinsero&quot;\" \/>\n<meta property=\"og:url\" content=\"http:\/\/bailador.org\/blog\/chi-siamo\/tori-che-vinsero\/\" \/>\n<meta property=\"og:site_name\" content=\"Bailador\" \/>\n<meta property=\"article:publisher\" content=\"https:\/\/www.facebook.com\/Bailador.org\" \/>\n<meta property=\"article:modified_time\" content=\"2024-04-03T10:06:35+00:00\" \/>\n<meta property=\"og:image\" content=\"http:\/\/bailador.org\/blog\/wp-content\/uploads\/2010\/08\/torichevinsero.jpg\" \/>\n<meta name=\"twitter:card\" content=\"summary_large_image\" \/>\n<meta name=\"twitter:label1\" content=\"Tempo di lettura stimato\" \/>\n\t<meta name=\"twitter:data1\" content=\"1 minuto\" \/>\n<script type=\"application\/ld+json\" class=\"yoast-schema-graph\">{\"@context\":\"https:\\\/\\\/schema.org\",\"@graph\":[{\"@type\":\"WebPage\",\"@id\":\"http:\\\/\\\/bailador.org\\\/blog\\\/chi-siamo\\\/tori-che-vinsero\\\/\",\"url\":\"http:\\\/\\\/bailador.org\\\/blog\\\/chi-siamo\\\/tori-che-vinsero\\\/\",\"name\":\"I Tori che vinsero - Bailador\",\"isPartOf\":{\"@id\":\"http:\\\/\\\/bailador.org\\\/blog\\\/#website\"},\"primaryImageOfPage\":{\"@id\":\"http:\\\/\\\/bailador.org\\\/blog\\\/chi-siamo\\\/tori-che-vinsero\\\/#primaryimage\"},\"image\":{\"@id\":\"http:\\\/\\\/bailador.org\\\/blog\\\/chi-siamo\\\/tori-che-vinsero\\\/#primaryimage\"},\"thumbnailUrl\":\"http:\\\/\\\/bailador.org\\\/blog\\\/wp-content\\\/uploads\\\/2010\\\/08\\\/torichevinsero.jpg\",\"datePublished\":\"2010-09-16T15:29:01+00:00\",\"dateModified\":\"2024-04-03T10:06:35+00:00\",\"breadcrumb\":{\"@id\":\"http:\\\/\\\/bailador.org\\\/blog\\\/chi-siamo\\\/tori-che-vinsero\\\/#breadcrumb\"},\"inLanguage\":\"it-IT\",\"potentialAction\":[{\"@type\":\"ReadAction\",\"target\":[\"http:\\\/\\\/bailador.org\\\/blog\\\/chi-siamo\\\/tori-che-vinsero\\\/\"]}]},{\"@type\":\"ImageObject\",\"inLanguage\":\"it-IT\",\"@id\":\"http:\\\/\\\/bailador.org\\\/blog\\\/chi-siamo\\\/tori-che-vinsero\\\/#primaryimage\",\"url\":\"http:\\\/\\\/bailador.org\\\/blog\\\/wp-content\\\/uploads\\\/2010\\\/08\\\/torichevinsero.jpg\",\"contentUrl\":\"http:\\\/\\\/bailador.org\\\/blog\\\/wp-content\\\/uploads\\\/2010\\\/08\\\/torichevinsero.jpg\",\"width\":\"277\",\"height\":\"245\"},{\"@type\":\"BreadcrumbList\",\"@id\":\"http:\\\/\\\/bailador.org\\\/blog\\\/chi-siamo\\\/tori-che-vinsero\\\/#breadcrumb\",\"itemListElement\":[{\"@type\":\"ListItem\",\"position\":1,\"name\":\"Home\",\"item\":\"http:\\\/\\\/bailador.org\\\/blog\\\/\"},{\"@type\":\"ListItem\",\"position\":2,\"name\":\"Chi siamo\",\"item\":\"http:\\\/\\\/bailador.org\\\/blog\\\/chi-siamo\\\/\"},{\"@type\":\"ListItem\",\"position\":3,\"name\":\"I Tori che vinsero\"}]},{\"@type\":\"WebSite\",\"@id\":\"http:\\\/\\\/bailador.org\\\/blog\\\/#website\",\"url\":\"http:\\\/\\\/bailador.org\\\/blog\\\/\",\"name\":\"Bailador\",\"description\":\"Gruppo di lavoro per la difesa del non umano\",\"publisher\":{\"@id\":\"http:\\\/\\\/bailador.org\\\/blog\\\/#organization\"},\"potentialAction\":[{\"@type\":\"SearchAction\",\"target\":{\"@type\":\"EntryPoint\",\"urlTemplate\":\"http:\\\/\\\/bailador.org\\\/blog\\\/?s={search_term_string}\"},\"query-input\":{\"@type\":\"PropertyValueSpecification\",\"valueRequired\":true,\"valueName\":\"search_term_string\"}}],\"inLanguage\":\"it-IT\"},{\"@type\":\"Organization\",\"@id\":\"http:\\\/\\\/bailador.org\\\/blog\\\/#organization\",\"name\":\"Bailador\",\"url\":\"http:\\\/\\\/bailador.org\\\/blog\\\/\",\"logo\":{\"@type\":\"ImageObject\",\"inLanguage\":\"it-IT\",\"@id\":\"http:\\\/\\\/bailador.org\\\/blog\\\/#\\\/schema\\\/logo\\\/image\\\/\",\"url\":\"http:\\\/\\\/bailador.org\\\/blog\\\/wp-content\\\/uploads\\\/2024\\\/02\\\/testa-bailador-1920.jpg\",\"contentUrl\":\"http:\\\/\\\/bailador.org\\\/blog\\\/wp-content\\\/uploads\\\/2024\\\/02\\\/testa-bailador-1920.jpg\",\"width\":1500,\"height\":698,\"caption\":\"Bailador\"},\"image\":{\"@id\":\"http:\\\/\\\/bailador.org\\\/blog\\\/#\\\/schema\\\/logo\\\/image\\\/\"},\"sameAs\":[\"https:\\\/\\\/www.facebook.com\\\/Bailador.org\"]}]}<\/script>\n<!-- \/ Yoast SEO plugin. -->","yoast_head_json":{"title":"I Tori che vinsero - Bailador","robots":{"index":"index","follow":"follow","max-snippet":"max-snippet:-1","max-image-preview":"max-image-preview:large","max-video-preview":"max-video-preview:-1"},"canonical":"http:\/\/bailador.org\/blog\/chi-siamo\/tori-che-vinsero\/","og_locale":"it_IT","og_type":"article","og_title":"I Tori che vinsero - Bailador","og_description":"ONORE AI GRANDI TORI CHE MASSACRARONO I LORO MASSACRATORI BARBUDO CHE \u00a0L\u201911 MAGGIO 1801 ABBATTE \u00a0JOS\u00c9 DELGADO (&#8220;PEPE HILLO&#8221;), JOCINERO CHE IL 20 APRILE 1862 ABBATTE JOS\u00c9 RODR\u00cdGUEZ (&#8220;PEPETE&#8221;), BAILADOR CHE IL 16 MAGGIO 1920 ABBATTE \u00a0JOS\u00c9 G\u00d3MEZ (&#8220;JOSELITO&#8221;), POCAPENA CHE IL \u00a07 MAGGIO 1922 ABBATTE MANUEL GRANERO, GRANADINO CHE L\u201911 AGOSTO 1934 ABBATTE \u00a0IGNACIO &hellip; Leggi tutto \"I Tori che vinsero\"","og_url":"http:\/\/bailador.org\/blog\/chi-siamo\/tori-che-vinsero\/","og_site_name":"Bailador","article_publisher":"https:\/\/www.facebook.com\/Bailador.org","article_modified_time":"2024-04-03T10:06:35+00:00","og_image":[{"url":"http:\/\/bailador.org\/blog\/wp-content\/uploads\/2010\/08\/torichevinsero.jpg","type":"","width":"","height":""}],"twitter_card":"summary_large_image","twitter_misc":{"Tempo di lettura stimato":"1 minuto"},"schema":{"@context":"https:\/\/schema.org","@graph":[{"@type":"WebPage","@id":"http:\/\/bailador.org\/blog\/chi-siamo\/tori-che-vinsero\/","url":"http:\/\/bailador.org\/blog\/chi-siamo\/tori-che-vinsero\/","name":"I Tori che vinsero - Bailador","isPartOf":{"@id":"http:\/\/bailador.org\/blog\/#website"},"primaryImageOfPage":{"@id":"http:\/\/bailador.org\/blog\/chi-siamo\/tori-che-vinsero\/#primaryimage"},"image":{"@id":"http:\/\/bailador.org\/blog\/chi-siamo\/tori-che-vinsero\/#primaryimage"},"thumbnailUrl":"http:\/\/bailador.org\/blog\/wp-content\/uploads\/2010\/08\/torichevinsero.jpg","datePublished":"2010-09-16T15:29:01+00:00","dateModified":"2024-04-03T10:06:35+00:00","breadcrumb":{"@id":"http:\/\/bailador.org\/blog\/chi-siamo\/tori-che-vinsero\/#breadcrumb"},"inLanguage":"it-IT","potentialAction":[{"@type":"ReadAction","target":["http:\/\/bailador.org\/blog\/chi-siamo\/tori-che-vinsero\/"]}]},{"@type":"ImageObject","inLanguage":"it-IT","@id":"http:\/\/bailador.org\/blog\/chi-siamo\/tori-che-vinsero\/#primaryimage","url":"http:\/\/bailador.org\/blog\/wp-content\/uploads\/2010\/08\/torichevinsero.jpg","contentUrl":"http:\/\/bailador.org\/blog\/wp-content\/uploads\/2010\/08\/torichevinsero.jpg","width":"277","height":"245"},{"@type":"BreadcrumbList","@id":"http:\/\/bailador.org\/blog\/chi-siamo\/tori-che-vinsero\/#breadcrumb","itemListElement":[{"@type":"ListItem","position":1,"name":"Home","item":"http:\/\/bailador.org\/blog\/"},{"@type":"ListItem","position":2,"name":"Chi siamo","item":"http:\/\/bailador.org\/blog\/chi-siamo\/"},{"@type":"ListItem","position":3,"name":"I Tori che vinsero"}]},{"@type":"WebSite","@id":"http:\/\/bailador.org\/blog\/#website","url":"http:\/\/bailador.org\/blog\/","name":"Bailador","description":"Gruppo di lavoro per la difesa del non umano","publisher":{"@id":"http:\/\/bailador.org\/blog\/#organization"},"potentialAction":[{"@type":"SearchAction","target":{"@type":"EntryPoint","urlTemplate":"http:\/\/bailador.org\/blog\/?s={search_term_string}"},"query-input":{"@type":"PropertyValueSpecification","valueRequired":true,"valueName":"search_term_string"}}],"inLanguage":"it-IT"},{"@type":"Organization","@id":"http:\/\/bailador.org\/blog\/#organization","name":"Bailador","url":"http:\/\/bailador.org\/blog\/","logo":{"@type":"ImageObject","inLanguage":"it-IT","@id":"http:\/\/bailador.org\/blog\/#\/schema\/logo\/image\/","url":"http:\/\/bailador.org\/blog\/wp-content\/uploads\/2024\/02\/testa-bailador-1920.jpg","contentUrl":"http:\/\/bailador.org\/blog\/wp-content\/uploads\/2024\/02\/testa-bailador-1920.jpg","width":1500,"height":698,"caption":"Bailador"},"image":{"@id":"http:\/\/bailador.org\/blog\/#\/schema\/logo\/image\/"},"sameAs":["https:\/\/www.facebook.com\/Bailador.org"]}]}},"_links":{"self":[{"href":"http:\/\/bailador.org\/blog\/wp-json\/wp\/v2\/pages\/317","targetHints":{"allow":["GET"]}}],"collection":[{"href":"http:\/\/bailador.org\/blog\/wp-json\/wp\/v2\/pages"}],"about":[{"href":"http:\/\/bailador.org\/blog\/wp-json\/wp\/v2\/types\/page"}],"author":[{"embeddable":true,"href":"http:\/\/bailador.org\/blog\/wp-json\/wp\/v2\/users\/1"}],"replies":[{"embeddable":true,"href":"http:\/\/bailador.org\/blog\/wp-json\/wp\/v2\/comments?post=317"}],"version-history":[{"count":7,"href":"http:\/\/bailador.org\/blog\/wp-json\/wp\/v2\/pages\/317\/revisions"}],"predecessor-version":[{"id":3848,"href":"http:\/\/bailador.org\/blog\/wp-json\/wp\/v2\/pages\/317\/revisions\/3848"}],"up":[{"embeddable":true,"href":"http:\/\/bailador.org\/blog\/wp-json\/wp\/v2\/pages\/357"}],"wp:attachment":[{"href":"http:\/\/bailador.org\/blog\/wp-json\/wp\/v2\/media?parent=317"}],"curies":[{"name":"wp","href":"https:\/\/api.w.org\/{rel}","templated":true}]}}